{"id":2,"date":"2025-04-17T11:06:36","date_gmt":"2025-04-17T11:06:36","guid":{"rendered":"https:\/\/wpglozin.com\/echozone\/?page_id=2"},"modified":"2025-12-08T10:09:55","modified_gmt":"2025-12-08T10:09:55","slug":"privacy-policy-2","status":"publish","type":"page","link":"https:\/\/jorlar.com\/cs\/privacy-policy-2\/","title":{"rendered":"Z\u00e1sady ochrany osobn\u00edch \u00fadaj\u016f"},"content":{"rendered":"<div data-elementor-type=\"wp-page\" data-elementor-id=\"2\" class=\"elementor elementor-2\" data-elementor-post-type=\"page\">\n\t\t\t\t<div class=\"elementor-element elementor-element-4f02d13 e-con-full e-flex glozin-responsive-column glozin-tablet-column--default glozin-responsive-column glozin-mobile-column--default e-con e-parent\" data-id=\"4f02d13\" data-element_type=\"container\" data-e-type=\"container\">\n\t\t\t\t<div class=\"elementor-element elementor-element-f1889f4 elementor-widget elementor-widget-html\" data-id=\"f1889f4\" data-element_type=\"widget\" data-e-type=\"widget\" data-widget_type=\"html.default\">\n\t\t\t\t\t<style>\r\n.jorlar-legal {\r\n  \r\n  margin: 0 auto;\r\n  font-family: Arial, sans-serif;\r\n  color: #1e1e1e;\r\n  line-height: 1.65;\r\n}\r\n\r\n.jorlar-legal h2 {\r\n  font-size: 28px;\r\n  margin-bottom: 20px;\r\n  text-transform: uppercase;\r\n  border-bottom: 3px solid #005F00;\r\n  padding-bottom: 8px;\r\n}\r\n\r\n.jorlar-legal h3 {\r\n  font-size: 20px;\r\n  margin-top: 30px;\r\n  margin-bottom: 10px;\r\n  color: #005F00;\r\n}\r\n\r\n.jorlar-legal p {\r\n  margin: 6px 0;\r\n}\r\n\r\n.jorlar-legal .box {\r\n  background: #f7f7f7;\r\n  padding: 18px 20px;\r\n  border-radius: 12px;\r\n  margin-bottom: 20px;\r\n}\r\n\r\n.jorlar-legal a {\r\n  color: #005F00;\r\n  text-decoration: none;\r\n  font-weight: 600;\r\n}\r\n\r\n.jorlar-legal a:hover {\r\n  text-decoration: underline;\r\n}\r\n\r\n.jorlar-legal .small {\r\n  font-size: 14px;\r\n  color: #666;\r\n}\r\n<\/style>\r\n\r\n<div class=\"jorlar-legal\">\r\n\r\n  <h2>Tir\u00e1\u017e (Impressum)<\/h2>\r\n\r\n  <div class=\"box\">\r\n    <p><strong>Spole\u010dnost:<\/strong> JORLAR s.r.o.<\/p>\r\n    <p><strong>Registrovan\u00e1 adresa:<\/strong><br>\r\n      K \u010cerven\u00e9mu vrchu 844\/2a<br>\r\n      CZ-160 00 Praha 6<br>\r\n      \u010cesk\u00e1 republika\r\n    <\/p>\r\n  <\/div>\r\n\r\n  <h3>Kontakt<\/h3>\r\n  <div class=\"box\">\r\n    <p><strong>E-mail:<\/strong> <a href=\"mailto:info@jorlar.com\">info@jorlar.com<\/a><\/p>\r\n    <p><strong>Telefon (N\u011bmecko):<\/strong> <a href=\"tel:+4915750761314\">+49 157 5076 1314<\/a><\/p>\r\n    <p><strong>Telefon (pevn\u00e1 linka v \u010cR):<\/strong> <a href=\"tel:+420226886571\">+420 226 886 571<\/a><\/p>\r\n    <p><strong>Telefon (CZ \u2013 mobil):<\/strong> <a href=\"tel:+420734260766\">+420 734 260 766<\/a><\/p>\r\n  <\/div>\r\n\r\n  <h3>Zastoupen (gener\u00e1ln\u00ed \u0159editel)<\/h3>\r\n  <div class=\"box\">\r\n    <p>J\u00f6rg Harmening<\/p>\r\n  <\/div>\r\n\r\n  <h3>Obchodn\u00ed rejst\u0159\u00edk<\/h3>\r\n  <div class=\"box\">\r\n    <p><strong>Soud \/ \u00da\u0159ad:<\/strong> kter\u00e9 maj\u00ed b\u00fdt poskytnuty<\/p>\r\n    <p><strong>Eviden\u010dn\u00ed \u010d\u00edslo:<\/strong> kter\u00e9 maj\u00ed b\u00fdt poskytnuty<\/p>\r\n  <\/div>\r\n\r\n  <h3>DI\u010c<\/h3>\r\n  <div class=\"box\">\r\n    <p>22033181<\/p>\r\n  <\/div>\r\n\r\n  <h3>Zodpov\u011bdn\u00fd za redak\u010dn\u00ed obsah (\u00a7 18 odst. 2 MStV, N\u011bmecko)<\/h3>\r\n  <div class=\"box\">\r\n    <p>J\u00f6rg Harmening, na v\u00fd\u0161e uveden\u00e9 adrese<\/p>\r\n  <\/div>\r\n\r\n  <h3>Bankovn\u00ed \u00fadaje<\/h3>\r\n  <div class=\"box\">\r\n    <p>Bankovn\u00ed \u00fadaje budou v p\u0159\u00edpad\u011b pot\u0159eby uvedeny na faktur\u00e1ch.<\/p>\r\n  <\/div>\r\n\r\n  <h3>V\u0161eobecn\u00e9 obchodn\u00ed podm\u00ednky (VOP)<\/h3>\r\n  <div class=\"box\">\r\n    <p>\r\n      Na\u0161e V\u0161eobecn\u00e9 obchodn\u00ed podm\u00ednky jsou k dispozici ke sta\u017een\u00ed v n\u011bm\u010din\u011b, angli\u010dtin\u011b, d\u00e1n\u0161tin\u011b, sloven\u0161tin\u011b, francouz\u0161tin\u011b, ital\u0161tin\u011b a \u010de\u0161tin\u011b v sekci Ke sta\u017een\u00ed na t\u011bchto webov\u00fdch str\u00e1nk\u00e1ch.\r\n    <\/p>\r\n  <\/div>\r\n\r\n  <h3>Z\u00e1sady ochrany osobn\u00edch \u00fadaj\u016f<\/h3>\r\n  <div class=\"box\">\r\n    <p>\r\n      Informace o zpracov\u00e1n\u00ed dat, souborech cookie a va\u0161ich pr\u00e1vech naleznete v na\u0161ich Z\u00e1sad\u00e1ch ochrany osobn\u00edch \u00fadaj\u016f.\r\n    <\/p>\r\n  <\/div>\r\n\r\n  <h3>\u0158e\u0161en\u00ed spor\u016f online<\/h3>\r\n  <div class=\"box\">\r\n    <p>\r\n      Evropsk\u00e1 komise poskytuje platformu pro online \u0159e\u0161en\u00ed spor\u016f (ODR):<br>\r\n      <a href=\"https:\/\/ec.europa.eu\/consumers\/odr\/\" target=\"_blank\">https:\/\/ec.europa.eu\/consumers\/odr\/<\/a>\r\n    <\/p>\r\n    <p>\r\n      Nejsme ani povinni, ani ochotni se \u00fa\u010dastnit \u0159\u00edzen\u00ed o \u0159e\u0161en\u00ed spor\u016f p\u0159ed rozhod\u010d\u00ed komis\u00ed pro spot\u0159ebitele.\r\n    <\/p>\r\n  <\/div>\r\n\r\n  <h3>Odpov\u011bdnost za obsah<\/h3>\r\n  <div class=\"box\">\r\n    <p>\r\n      Obsah t\u011bchto str\u00e1nek p\u0159ipravujeme s velkou pe\u010dlivost\u00ed. P\u0159esto nem\u016f\u017eeme p\u0159evz\u00edt odpov\u011bdnost za spr\u00e1vnost, \u00faplnost ani aktu\u00e1lnost obsahu.\r\n    <\/p>\r\n  <\/div>\r\n\r\n  <h3>Odpov\u011bdnost za odkazy<\/h3>\r\n  <div class=\"box\">\r\n    <p>\r\n      Na\u0161e str\u00e1nky obsahuj\u00ed odkazy na extern\u00ed webov\u00e9 str\u00e1nky. Nem\u00e1me \u017e\u00e1dn\u00fd vliv na obsah t\u011bchto webov\u00fdch str\u00e1nek, a proto nem\u016f\u017eeme n\u00e9st odpov\u011bdnost za takov\u00fd extern\u00ed obsah.\r\n    <\/p>\r\n  <\/div>\r\n\r\n  <h3>Copyright<\/h3>\r\n  <div class=\"box\">\r\n    <p>\r\n      Ve\u0161ker\u00fd obsah a d\u00edla vytvo\u0159en\u00e1 spole\u010dnost\u00ed JORLAR na t\u011bchto str\u00e1nk\u00e1ch podl\u00e9haj\u00ed autorsk\u00fdm pr\u00e1v\u016fm. Kop\u00edrov\u00e1n\u00ed, zpracov\u00e1n\u00ed, distribuce nebo jak\u00e1koli forma komercializace vy\u017eaduje p\u0159edchoz\u00ed p\u00edsemn\u00fd souhlas.\r\n    <\/p>\r\n  <\/div>\r\n\r\n  <h3>Zdroje fotografi\u00ed a vide\u00ed<\/h3>\r\n  <div class=\"box\">\r\n    <p>\r\n      Pokud nen\u00ed uvedeno jinak, fotografie a videa jsou majetkem spole\u010dnosti JORLAR nebo jsou pou\u017eity s jej\u00edm svolen\u00edm.\r\n    <\/p>\r\n  <\/div>\r\n\r\n  <p class=\"small\"><strong>Naposledy aktualizov\u00e1no:<\/strong> 08.12.2025<\/p>\r\n\r\n<\/div>\r\n\t\t\t\t<\/div>\n\t\t\t\t<\/div>\n\t\t\t\t<\/div>","protected":false},"excerpt":{"rendered":"<p>Imprint (Impressum) Company: JORLAR s.r.o. Registered Address: K \u010cerven\u00e9mu vrchu 844\/2a CZ-160 00 Prague 6 Czech Republic Contact Email: info@jorlar.com Phone (Germany): +49 157 5076 1314 Phone (CZ \u2013 fixed line): +420 226 886 571 Phone (CZ \u2013 mobile): +420 734 260 766 Represented by (Managing Director) J\u00f6rg Harmening Commercial Register Court \/ Authority: to [&hellip;]<\/p>\n","protected":false},"author":1,"featured_media":0,"parent":0,"menu_order":0,"comment_status":"closed","ping_status":"open","template":"","meta":{"_monsterinsights_skip_tracking":false,"_monsterinsights_sitenote_active":false,"_monsterinsights_sitenote_note":"","_monsterinsights_sitenote_category":0,"footnotes":""},"class_list":["post-2","page","type-page","status-publish","hentry"],"aioseo_notices":[],"_hostinger_reach_plugin_has_subscription_block":false,"_hostinger_reach_plugin_is_elementor":false,"_links":{"self":[{"href":"https:\/\/jorlar.com\/cs\/wp-json\/wp\/v2\/pages\/2","targetHints":{"allow":["GET"]}}],"collection":[{"href":"https:\/\/jorlar.com\/cs\/wp-json\/wp\/v2\/pages"}],"about":[{"href":"https:\/\/jorlar.com\/cs\/wp-json\/wp\/v2\/types\/page"}],"author":[{"embeddable":true,"href":"https:\/\/jorlar.com\/cs\/wp-json\/wp\/v2\/users\/1"}],"replies":[{"embeddable":true,"href":"https:\/\/jorlar.com\/cs\/wp-json\/wp\/v2\/comments?post=2"}],"version-history":[{"count":6,"href":"https:\/\/jorlar.com\/cs\/wp-json\/wp\/v2\/pages\/2\/revisions"}],"predecessor-version":[{"id":1001315,"href":"https:\/\/jorlar.com\/cs\/wp-json\/wp\/v2\/pages\/2\/revisions\/1001315"}],"wp:attachment":[{"href":"https:\/\/jorlar.com\/cs\/wp-json\/wp\/v2\/media?parent=2"}],"curies":[{"name":"wp","href":"https:\/\/api.w.org\/{rel}","templated":true}]}}