{"id":415,"date":"2025-03-20T04:27:57","date_gmt":"2025-03-20T04:27:57","guid":{"rendered":"http:\/\/localhost\/glozin\/?page_id=415"},"modified":"2025-11-09T11:33:43","modified_gmt":"2025-11-09T11:33:43","slug":"about-us","status":"publish","type":"page","link":"https:\/\/jorlar.com\/cs\/about-us\/","title":{"rendered":"O n\u00e1s"},"content":{"rendered":"<div data-elementor-type=\"wp-page\" data-elementor-id=\"415\" class=\"elementor elementor-415\" data-elementor-post-type=\"page\">\n\t\t\t\t<div class=\"elementor-element elementor-element-6fa65faf e-flex e-con-boxed glozin-responsive-column glozin-tablet-column--default glozin-responsive-column glozin-mobile-column--default e-con e-parent\" data-id=\"6fa65faf\" data-element_type=\"container\" data-e-type=\"container\">\n\t\t\t\t\t<div class=\"e-con-inner\">\n\t\t\t\t<div class=\"elementor-element elementor-element-7a490b56 elementor-widget elementor-widget-glozin-heading\" data-id=\"7a490b56\" data-element_type=\"widget\" data-e-type=\"widget\" data-widget_type=\"glozin-heading.default\">\n\t\t\t\t<div class=\"elementor-widget-container\">\n\t\t\t\t\t\t\t<div class=\"glozin-heading-elementor\">\n\t\t\t\t<h6 class=\"glozin-heading d-flex align-items-center my-0 glozin-heading--default\">\n\t\t\t\t\tV\u00edtejte u spole\u010dnosti JORLAR s.r.o.\n\n\t\t\t\t<\/h6>\n\t\t\t<\/div>\n\t\t\t\t\t\t<\/div>\n\t\t\t\t<\/div>\n\t\t\t\t<div class=\"elementor-element elementor-element-3622e4d2 elementor-widget elementor-widget-glozin-heading\" data-id=\"3622e4d2\" data-element_type=\"widget\" data-e-type=\"widget\" data-widget_type=\"glozin-heading.default\">\n\t\t\t\t<div class=\"elementor-widget-container\">\n\t\t\t\t\t\t\t<div class=\"glozin-heading-elementor\">\n\t\t\t\t<h2 class=\"glozin-heading d-flex align-items-center my-0 glozin-heading--default\">\n\t\t\t\t\tV\u00e1\u017een\u00e9 d\u00e1my a p\u00e1nov\u00e9\n\t\t\t\t<\/h2>\n\t\t\t<\/div>\n\t\t\t\t\t\t<\/div>\n\t\t\t\t<\/div>\n\t\t\t\t\t<\/div>\n\t\t\t\t<\/div>\n\t\t<div class=\"elementor-element elementor-element-61ace5de e-flex e-con-boxed glozin-responsive-column glozin-tablet-column--default glozin-responsive-column glozin-mobile-column--default e-con e-parent\" data-id=\"61ace5de\" data-element_type=\"container\" data-e-type=\"container\">\n\t\t\t\t\t<div class=\"e-con-inner\">\n\t\t\t\t<div class=\"elementor-element elementor-element-49f698e4 elementor-widget elementor-widget-image\" data-id=\"49f698e4\" data-element_type=\"widget\" data-e-type=\"widget\" data-widget_type=\"image.default\">\n\t\t\t\t\t\t\t\t\t\t\t\t\t\t\t<img fetchpriority=\"high\" decoding=\"async\" width=\"1280\" height=\"720\" src=\"https:\/\/jorlar.com\/wp-content\/uploads\/2025\/10\/68391c7deaf3ce0da601018f_Website-video-poster-mini.webp\" class=\"attachment-full size-full wp-image-1000320\" alt=\"\" srcset=\"https:\/\/jorlar.com\/wp-content\/uploads\/2025\/10\/68391c7deaf3ce0da601018f_Website-video-poster-mini.webp 1280w, https:\/\/jorlar.com\/wp-content\/uploads\/2025\/10\/68391c7deaf3ce0da601018f_Website-video-poster-mini-300x169.webp 300w, https:\/\/jorlar.com\/wp-content\/uploads\/2025\/10\/68391c7deaf3ce0da601018f_Website-video-poster-mini-1024x576.webp 1024w, https:\/\/jorlar.com\/wp-content\/uploads\/2025\/10\/68391c7deaf3ce0da601018f_Website-video-poster-mini-768x432.webp 768w, https:\/\/jorlar.com\/wp-content\/uploads\/2025\/10\/68391c7deaf3ce0da601018f_Website-video-poster-mini-600x338.webp 600w, https:\/\/jorlar.com\/wp-content\/uploads\/2025\/10\/68391c7deaf3ce0da601018f_Website-video-poster-mini-130x73.webp 130w\" sizes=\"(max-width: 1280px) 100vw, 1280px\" \/>\t\t\t\t\t\t\t\t\t\t\t\t\t\t\t<\/div>\n\t\t\t\t<div class=\"elementor-element elementor-element-308d52b elementor-widget elementor-widget-glozin-heading\" data-id=\"308d52b\" data-element_type=\"widget\" data-e-type=\"widget\" data-widget_type=\"glozin-heading.default\">\n\t\t\t\t<div class=\"elementor-widget-container\">\n\t\t\t\t\t\t\t<div class=\"glozin-heading-elementor\">\n\t\t\t\t<div class=\"glozin-heading d-flex align-items-center my-0 glozin-heading--default\">\n\t\t\t\t\tDoposud jste mo\u017en\u00e1 znali TACEMU pouze jako distributora a prodejn\u00edho partnera INELO, ale TACEMA je mnohem v\u00edc. Pova\u017eujeme se za poskytovatele kompletn\u00ed \u0161k\u00e1ly slu\u017eeb, nab\u00edz\u00edme individu\u00e1ln\u00ed \u0159e\u0161en\u00ed pro internet, online obchody, IT \u0161kolen\u00ed v\u0161eho druhu se zam\u011b\u0159en\u00edm na produkty Microsoft, Apple a samoz\u0159ejm\u011b INELO, stejn\u011b jako mnoho dal\u0161\u00edch IT produkt\u016f a \u0159e\u0161en\u00ed.\n\t\t\t\t<\/div>\n\t\t\t<\/div>\n\t\t\t\t\t\t<\/div>\n\t\t\t\t<\/div>\n\t\t\t\t<div class=\"elementor-element elementor-element-f72037b elementor-widget elementor-widget-glozin-heading\" data-id=\"f72037b\" data-element_type=\"widget\" data-e-type=\"widget\" data-widget_type=\"glozin-heading.default\">\n\t\t\t\t<div class=\"elementor-widget-container\">\n\t\t\t\t\t\t\t<div class=\"glozin-heading-elementor\">\n\t\t\t\t<div class=\"glozin-heading d-flex align-items-center my-0 glozin-heading--default\">\n\t\t\t\t\tProto se spole\u010dnost TACEMA rozhodla odd\u011blit svou \u010dinnost od spole\u010dnosti INELO a vy m\u016f\u017eete p\u0159iv\u00edtat na\u0161i novou pobo\u010dku! JORLAR je speci\u00e1ln\u00ed nov\u00e1 pobo\u010dka spole\u010dnosti TACEMA, kter\u00e1 bude pracovat v\u00fdhradn\u011b s produkty spole\u010dnosti INELO, jako jsou Tachoscan a Tachoscan Control. Jsme pln\u011b odd\u00e1ni na\u0161im z\u00e1kazn\u00edk\u016fm a chceme jim poskytnout co nejv\u00edce na\u0161eho \u010dasu. Nab\u00edz\u00edme tak\u00e9 vzd\u00e1lenou podporu pro standardn\u00ed aplikace a speci\u00e1ln\u00ed nab\u00eddky pro speci\u00e1ln\u00ed klienty. \n\t\t\t\t<\/div>\n\t\t\t<\/div>\n\t\t\t\t\t\t<\/div>\n\t\t\t\t<\/div>\n\t\t\t\t<div class=\"elementor-element elementor-element-8585a84 elementor-widget elementor-widget-glozin-heading\" data-id=\"8585a84\" data-element_type=\"widget\" data-e-type=\"widget\" data-widget_type=\"glozin-heading.default\">\n\t\t\t\t<div class=\"elementor-widget-container\">\n\t\t\t\t\t\t\t<div class=\"glozin-heading-elementor\">\n\t\t\t\t<div class=\"glozin-heading d-flex align-items-center my-0 glozin-heading--default\">\n\t\t\t\t\tProto\u017ee JORLAR s\u00eddl\u00ed v \u010cesk\u00e9 republice, ale m\u00e1 n\u011bmeck\u00e9 ko\u0159eny, p\u0159inese v\u00e1m to velkou v\u00fdhodu. Z\u00edsk\u00e1te vysoce kvalitn\u00ed slu\u017eby od mezin\u00e1rodn\u00ed spole\u010dnosti bez jazykov\u00fdch bari\u00e9r! N\u00e1\u0161 t\u00fdm hovo\u0159\u00ed n\u011bkolika jazyky, ale n\u011bm\u010dina je na\u0161\u00ed znalost\u00ed. JORLAR se t\u011b\u0161\u00ed na dal\u0161\u00ed spolupr\u00e1ci! S pozdravem, t\u00fdm JORLAR\n\n\t\t\t\t<\/div>\n\t\t\t<\/div>\n\t\t\t\t\t\t<\/div>\n\t\t\t\t<\/div>\n\t\t\t\t\t<\/div>\n\t\t\t\t<\/div>\n\t\t<div class=\"elementor-element elementor-element-45d89174 e-flex e-con-boxed glozin-responsive-column glozin-tablet-column--default glozin-responsive-column glozin-mobile-column--default e-con e-parent\" data-id=\"45d89174\" data-element_type=\"container\" data-e-type=\"container\">\n\t\t\t\t\t<div class=\"e-con-inner\">\n\t\t\t\t<div class=\"elementor-element elementor-element-b10e564 elementor-widget-divider--view-line elementor-widget elementor-widget-divider\" data-id=\"b10e564\" data-element_type=\"widget\" data-e-type=\"widget\" data-widget_type=\"divider.default\">\n\t\t\t\t\t\t\t<div class=\"elementor-divider\">\n\t\t\t<span class=\"elementor-divider-separator\">\n\t\t\t\t\t\t<\/span>\n\t\t<\/div>\n\t\t\t\t\t\t<\/div>\n\t\t\t\t\t<\/div>\n\t\t\t\t<\/div>\n\t\t\t\t<\/div>","protected":false},"excerpt":{"rendered":"<p>Welcome to JORLAR s.r.o. Dear ladies and gentlemen Until now, you may had known TACEMA only as a distributor and sales partner of INELO, but TACEMA is much more than that. We consider ourselves as provider of a full range of services, offering individual solutions for the internet, online shops, IT training of all kinds [&hellip;]<\/p>\n","protected":false},"author":1,"featured_media":0,"parent":0,"menu_order":0,"comment_status":"closed","ping_status":"closed","template":"","meta":{"_monsterinsights_skip_tracking":false,"_monsterinsights_sitenote_active":false,"_monsterinsights_sitenote_note":"","_monsterinsights_sitenote_category":0,"footnotes":""},"class_list":["post-415","page","type-page","status-publish","hentry"],"aioseo_notices":[],"_hostinger_reach_plugin_has_subscription_block":false,"_hostinger_reach_plugin_is_elementor":false,"_links":{"self":[{"href":"https:\/\/jorlar.com\/cs\/wp-json\/wp\/v2\/pages\/415","targetHints":{"allow":["GET"]}}],"collection":[{"href":"https:\/\/jorlar.com\/cs\/wp-json\/wp\/v2\/pages"}],"about":[{"href":"https:\/\/jorlar.com\/cs\/wp-json\/wp\/v2\/types\/page"}],"author":[{"embeddable":true,"href":"https:\/\/jorlar.com\/cs\/wp-json\/wp\/v2\/users\/1"}],"replies":[{"embeddable":true,"href":"https:\/\/jorlar.com\/cs\/wp-json\/wp\/v2\/comments?post=415"}],"version-history":[{"count":7,"href":"https:\/\/jorlar.com\/cs\/wp-json\/wp\/v2\/pages\/415\/revisions"}],"predecessor-version":[{"id":1000796,"href":"https:\/\/jorlar.com\/cs\/wp-json\/wp\/v2\/pages\/415\/revisions\/1000796"}],"wp:attachment":[{"href":"https:\/\/jorlar.com\/cs\/wp-json\/wp\/v2\/media?parent=415"}],"curies":[{"name":"wp","href":"https:\/\/api.w.org\/{rel}","templated":true}]}}