{"id":1000806,"date":"2025-11-23T07:35:44","date_gmt":"2025-11-23T07:35:44","guid":{"rendered":"https:\/\/jorlar.com\/?post_type=product&#038;p=1000806"},"modified":"2025-12-18T08:48:39","modified_gmt":"2025-12-18T08:48:39","slug":"fmb920","status":"publish","type":"product","link":"https:\/\/jorlar.com\/cs\/shop\/tracking-devices\/2g\/fmb920\/","title":{"rendered":"FMB920 2G"},"content":{"rendered":"<div id=\"comp-maqlncot5\" class=\"Z_l5lU ku3DBC zQ9jDz qvSjx3 Vq6kJx comp-maqlncot5 wixui-rich-text\" data-testid=\"richTextElement\">\n<p class=\"font_2 wixui-rich-text__text\"><strong>Eco driving scenario for all-round better driving<\/strong><\/p>\n<\/div>\n<div id=\"comp-maqlncov1\" class=\"Z_l5lU ku3DBC zQ9jDz qvSjx3 Vq6kJx comp-maqlncov1 wixui-rich-text\" data-testid=\"richTextElement\">\n<p class=\"font_8 wixui-rich-text__text\">Achieve efficient fuel consumption, prolong vehicle life and increase road safety with eco driving scenario<\/p>\n<div id=\"comp-maqlncof5\" class=\"Z_l5lU ku3DBC zQ9jDz qvSjx3 Vq6kJx comp-maqlncof5 wixui-rich-text\" data-testid=\"richTextElement\">\n<p class=\"font_2 wixui-rich-text__text\"><strong>Slim design to fit the tightest spaces<\/strong><\/p>\n<\/div>\n<div id=\"comp-maqlncoh6\" class=\"Z_l5lU ku3DBC zQ9jDz qvSjx3 Vq6kJx comp-maqlncoh6 wixui-rich-text\" data-testid=\"richTextElement\">\n<p class=\"font_8 wixui-rich-text__text\">12 mm-height device can be easily fitted in the tightest spaces<\/p>\n<div id=\"comp-maqlnco6\" class=\"Z_l5lU ku3DBC zQ9jDz qvSjx3 Vq6kJx comp-maqlnco6 wixui-rich-text\" data-testid=\"richTextElement\">\n<p class=\"font_2 wixui-rich-text__text\"><strong>Extensive remote monitoring possibilities<\/strong><\/p>\n<\/div>\n<div id=\"comp-maqlnco72\" class=\"Z_l5lU ku3DBC zQ9jDz qvSjx3 Vq6kJx comp-maqlnco72 wixui-rich-text\" data-testid=\"richTextElement\">\n<p class=\"font_8 wixui-rich-text__text\">Blocking engine remotely among the numerous available fleet control measures<\/p>\n<div id=\"comp-maqlncnr5\" class=\"Z_l5lU ku3DBC zQ9jDz qvSjx3 Vq6kJx comp-maqlncnr5 wixui-rich-text\" data-testid=\"richTextElement\">\n<p class=\"font_2 wixui-rich-text__text\"><strong>Extended product usage scenarios<\/strong><\/p>\n<\/div>\n<div id=\"comp-maqlncnt\" class=\"Z_l5lU ku3DBC zQ9jDz qvSjx3 Vq6kJx comp-maqlncnt wixui-rich-text\" data-testid=\"richTextElement\">\n<p class=\"font_8 wixui-rich-text__text\">Bluetooth\u00ae LE-based wireless connection of external devices, including Low Energy beacons and sensors, to monitor temperature, humidity, magnet detection, and movement<\/p>\n<\/div>\n<\/div>\n<\/div>\n<\/div>","protected":false},"excerpt":{"rendered":"<style>\n.tlt-res-sec p,\n.tlt-res-grid p,\n.tlt-res-item p,\n.tlt-res-link p,\n.tlt-icon p,\n.tlt-title p,\n.tlt-desc p {\n    display:none !important;\n    margin:0 !important;\n    padding:0 !important;\n    height:0 !important;\n    overflow:hidden !important;\n}\n.tlt-res-sec{margin:40px 0 20px;padding:0;clear:both;width:100%}\n.tlt-res-grid{display:grid!important;grid-template-columns:repeat(2,1fr)!important;gap:15px!important;list-style:none!important;padding:0!important;margin:0!important}\n.tlt-res-item{margin:0!important;padding:0!important;list-style:none!important;display:block!important}\n.tlt-res-item::before{display:none!important;content:none!important}\n.tlt-res-link{background:#fff!important;border:2px solid #e0e0e0!important;border-radius:8px!important;padding:25px 15px!important;text-align:center!important;text-decoration:none!important;color:#333!important;display:block!important;min-height:200px!important}\n.tlt-res-link:hover{border-color:#005f00!important;box-shadow:0 4px 12px rgba(0,95,0,.15)!important;transform:translateY(-2px)!important}\n.tlt-icon{width:50px!important;height:50px!important;margin:0 auto 15px!important;display:flex!important;align-items:center!important;justify-content:center!important}\n.tlt-icon svg{width:100%!important;height:100%!important;display:block!important}\n.tlt-title{color:#005f00!important;font-size:16px!important;font-weight:700!important;margin:0 0 10px!important;padding:0!important;letter-spacing:.5px!important;line-height:1.3!important;text-transform:uppercase!important;display:block!important}\n.tlt-desc{color:#666!important;font-size:13px!important;line-height:1.5!important;margin:0!important;padding:0!important;font-weight:400!important;display:block!important}\n@media(max-width:768px){.tlt-res-grid{grid-template-columns:1fr!important}}\n<\/style>\n<div class=\"tlt-res-sec\">\n<ul class=\"tlt-res-grid\">\n<li class=\"tlt-res-item\"><a href=\"https:\/\/wiki.teltonika-gps.com\/view\/FMB920_First_Start?_gl=1*kovdwb*_gcl_au*MjAyNTYwODQyOS4xNzYzODgwNjAz\" target=\"_blank\" rel=\"noopener noreferrer\" class=\"tlt-res-link\">\n<div class=\"tlt-icon\"><svg viewbox=\"4.001 4.002 32 31.999\" xmlns=\"http:\/\/www.w3.org\/2000\/svg\"><path fill=\"#005f00\" d=\"M21.788 5.106a2 2 0 0 0-3.576 0l-14 28a2 2 0 0 0 2.338 2.818l10-2.858A2 2 0 0 0 18 31.142V22a2 2 0 0 1 4 0v9.142a2 2 0 0 0 1.45 1.924l10 2.856a2 2 0 0 0 2.34-2.816l-14-28z\"\/><\/svg><\/div>\n<div class=\"tlt-title\">ZA\u010cN\u011aTE<\/div>\n<div class=\"tlt-desc\">Za\u017eijte snadn\u00e9 prvn\u00ed spu\u0161t\u011bn\u00ed s Teltonikou<\/div>\n<p><\/a><\/li>\n<li class=\"tlt-res-item\"><a href=\"https:\/\/wiki.teltonika-gps.com\/view\/FMB920?_gl=1*191alix*_gcl_au*MTY5MTk5NjExNy4xNzQ3MDQ0NDEz\" target=\"_blank\" rel=\"noopener noreferrer\" class=\"tlt-res-link\">\n<div class=\"tlt-icon\"><svg viewbox=\"4 4 32 32\" xmlns=\"http:\/\/www.w3.org\/2000\/svg\"><path fill=\"#005f00\" d=\"M8.166 18h3.892c.178-3.092.766-5.94 1.674-8.236A12 12 0 0 0 8.166 18M20 4a16 16 0 1 0 0 32 16 16 0 0 0 0-32m0 4c-.152 0-.464.064-.93.524-.476.468-.994 1.246-1.474 2.364-.778 1.814-1.346 4.284-1.532 7.112h7.872c-.186-2.828-.754-5.298-1.532-7.112-.48-1.12-1-1.896-1.474-2.364C20.464 8.064 20.152 8 20 8m7.942 10c-.178-3.092-.766-5.94-1.674-8.236A12 12 0 0 1 31.834 18zm-4.006 4h-7.872c.186 2.828.754 5.298 1.532 7.112.48 1.12 1 1.896 1.474 2.364.466.46.778.524.93.524s.464-.064.93-.524c.476-.468.996-1.246 1.474-2.364.778-1.814 1.346-4.284 1.532-7.112m2.332 8.236c.908-2.294 1.496-5.144 1.674-8.236h3.892a12 12 0 0 1-5.566 8.236m-12.536 0c-.908-2.296-1.496-5.144-1.672-8.236H8.166a12 12 0 0 0 5.566 8.236\"\/><\/svg><\/div>\n<div class=\"tlt-title\">ZNALOSTN\u00cd B\u00c1ZE<\/div>\n<div class=\"tlt-desc\">Z\u00edskejte v\u0161echny podrobnosti o funkc\u00edch za\u0159\u00edzen\u00ed<\/div>\n<p><\/a><\/li>\n<li class=\"tlt-res-item\"><a href=\"https:\/\/wiki.teltonika-gps.com\/view\/FMB920_Certification_%26_Approvals?_gl=1*191alix*_gcl_au*MTY5MTk5NjExNy4xNzQ3MDQ0NDEz\" target=\"_blank\" rel=\"noopener noreferrer\" class=\"tlt-res-link\">\n<div class=\"tlt-icon\"><svg viewbox=\"6 6 28 28\" xmlns=\"http:\/\/www.w3.org\/2000\/svg\"><path fill=\"#005f00\" d=\"M14 18a4 4 0 0 1 4-4h12a4 4 0 0 1 4 4v12a4 4 0 0 1-4 4H18a4 4 0 0 1-4-4z\"\/><path fill=\"#005f00\" d=\"M10 6a4 4 0 0 0-4 4v12a4 4 0 0 0 4 4V10h16a4 4 0 0 0-4-4z\"\/><\/svg><\/div>\n<div class=\"tlt-title\">CERTIFIK\u00c1TY<\/div>\n<div class=\"tlt-desc\">Zjist\u011bte si informace o dostupn\u00fdch certifik\u00e1tech produkt\u016f<\/div>\n<p><\/a><\/li>\n<li class=\"tlt-res-item\"><a href=\"https:\/\/wiki.teltonika-gps.com\/view\/FMB920?_gl=1*191alix*_gcl_au*MTY5MTk5NjExNy4xNzQ3MDQ0NDEz#Downloads\" target=\"_blank\" rel=\"noopener noreferrer\" class=\"tlt-res-link\">\n<div class=\"tlt-icon\"><svg viewbox=\"0 0 24 24\" xmlns=\"http:\/\/www.w3.org\/2000\/svg\"><path stroke=\"#005f00\" stroke-width=\"2\" d=\"M4 16v1a3 3 0 0 0 3 3h10a3 3 0 0 0 3-3v-1m-4-4-4 4m0 0-4-4m4 4V4\" fill=\"none\"\/><\/svg><\/div>\n<div class=\"tlt-title\">KE STA\u017dEN\u00cd<\/div>\n<div class=\"tlt-desc\">St\u00e1hn\u011bte si nejnov\u011bj\u0161\u00ed ovlada\u010de a programy pot\u0159ebn\u00e9 pro toto za\u0159\u00edzen\u00ed<\/div>\n<p><\/a><\/li>\n<\/ul>\n<\/div>","protected":false},"featured_media":1000807,"comment_status":"open","ping_status":"closed","template":"","meta":{"_monsterinsights_skip_tracking":false,"_monsterinsights_sitenote_active":false,"_monsterinsights_sitenote_note":"","_monsterinsights_sitenote_category":0},"product_brand":[84],"product_cat":[86,85],"product_tag":[],"class_list":{"0":"post-1000806","1":"product","2":"type-product","3":"status-publish","4":"has-post-thumbnail","6":"product_brand-teltonika","7":"product_cat-2g","8":"product_cat-tracking-devices","10":"first","11":"instock","12":"shipping-taxable","13":"purchasable","14":"product-type-simple"},"aioseo_notices":[],"_links":{"self":[{"href":"https:\/\/jorlar.com\/cs\/wp-json\/wp\/v2\/product\/1000806","targetHints":{"allow":["GET"]}}],"collection":[{"href":"https:\/\/jorlar.com\/cs\/wp-json\/wp\/v2\/product"}],"about":[{"href":"https:\/\/jorlar.com\/cs\/wp-json\/wp\/v2\/types\/product"}],"replies":[{"embeddable":true,"href":"https:\/\/jorlar.com\/cs\/wp-json\/wp\/v2\/comments?post=1000806"}],"version-history":[{"count":1,"href":"https:\/\/jorlar.com\/cs\/wp-json\/wp\/v2\/product\/1000806\/revisions"}],"predecessor-version":[{"id":1000810,"href":"https:\/\/jorlar.com\/cs\/wp-json\/wp\/v2\/product\/1000806\/revisions\/1000810"}],"wp:featuredmedia":[{"embeddable":true,"href":"https:\/\/jorlar.com\/cs\/wp-json\/wp\/v2\/media\/1000807"}],"wp:attachment":[{"href":"https:\/\/jorlar.com\/cs\/wp-json\/wp\/v2\/media?parent=1000806"}],"wp:term":[{"taxonomy":"product_brand","embeddable":true,"href":"https:\/\/jorlar.com\/cs\/wp-json\/wp\/v2\/product_brand?post=1000806"},{"taxonomy":"product_cat","embeddable":true,"href":"https:\/\/jorlar.com\/cs\/wp-json\/wp\/v2\/product_cat?post=1000806"},{"taxonomy":"product_tag","embeddable":true,"href":"https:\/\/jorlar.com\/cs\/wp-json\/wp\/v2\/product_tag?post=1000806"}],"curies":[{"name":"wp","href":"https:\/\/api.w.org\/{rel}","templated":true}]}}