{"id":1001014,"date":"2025-12-03T06:38:45","date_gmt":"2025-12-03T06:38:45","guid":{"rendered":"https:\/\/jorlar.com\/?post_type=product&#038;p=1001014"},"modified":"2025-12-03T06:53:12","modified_gmt":"2025-12-03T06:53:12","slug":"core-t5","status":"publish","type":"product","link":"https:\/\/jorlar.com\/cs\/shop\/tablet\/core-t5\/","title":{"rendered":"CORE-T5"},"content":{"rendered":"<div class=\"grid grid-cols-1 s:grid-cols-3 gap-4 s:gap-6\">\n<div class=\"rounded-cc-xl bg-white p-4 m:p-6\" data-component=\"AccordionItem\">\n<div id=\"AccordionItem-156\" class=\"flex items-center space-x-2 relative group\" data-ref=\"btn\" aria-expanded=\"false\" aria-controls=\"content-AccordionItem-156\">\n<div class=\"rounded-cc-xl bg-white p-4 m:p-6\" data-component=\"AccordionItem\">\n<div id=\"AccordionItem-156\" class=\"flex items-center space-x-2 relative group\" data-ref=\"btn\" aria-expanded=\"false\" aria-controls=\"content-AccordionItem-156\">\n<p><span class=\"bg-green rounded-cc p-2 size-10 flex items-center\"><img decoding=\"async\" src=\"https:\/\/www.crosscall.com\/cdn\/shop\/files\/Certified-Ribbon-1--Streamline-Ultimate_svg.svg?v=1750766587&amp;width=100\" srcset=\"\/\/www.crosscall.com\/cdn\/shop\/files\/Certified-Ribbon-1--Streamline-Ultimate_svg.svg?v=1750766587&amp;width=100 100w\" alt=\"\" width=\"100\" height=\"100\" \/><\/span><\/p>\n<p class=\"font-title text-lg s:text-2xl leading-none\"><strong>5-year Warranty<\/strong><\/p>\n<\/div>\n<div class=\"overflow-hidden m:!visible m:!h-auto\" data-ref=\"container\">\n<p id=\"content-AccordionItem-156\" class=\"text-sm text-grey-600 leading-normal pt-2\" data-ref=\"content\" aria-hidden=\"true\" aria-labelledby=\"AccordionItem-156\">Unique on the market, all our phones and tablets come with a 5-year Warranty, battery included.<\/p>\n<\/div>\n<\/div>\n<div class=\"rounded-cc-xl bg-white p-4 m:p-6\" data-component=\"AccordionItem\">\n<div id=\"AccordionItem-157\" class=\"flex items-center space-x-2 relative group\" data-ref=\"btn\" aria-expanded=\"false\" aria-controls=\"content-AccordionItem-157\">\n<p><span class=\"bg-green rounded-cc p-2 size-10 flex items-center\"><img decoding=\"async\" src=\"https:\/\/www.crosscall.com\/cdn\/shop\/files\/picto_reassurance_durability.svg?v=1754641554&amp;width=100\" srcset=\"\/\/www.crosscall.com\/cdn\/shop\/files\/picto_reassurance_durability.svg?v=1754641554&amp;width=100 100w\" alt=\"\" width=\"100\" height=\"100\" \/><\/span><\/p>\n<p class=\"font-title text-lg s:text-2xl leading-none\"><strong>Repairability and durability<\/strong><\/p>\n<\/div>\n<div class=\"overflow-hidden m:!visible m:!h-auto\" data-ref=\"container\">\n<p id=\"content-AccordionItem-157\" class=\"text-sm text-grey-600 leading-normal pt-2\" data-ref=\"content\" aria-hidden=\"true\" aria-labelledby=\"AccordionItem-157\">Designed to last and easy to repair, Crosscall products have spare parts available for up to 10 years, depending on the model.<\/p>\n<\/div>\n<\/div>\n<div class=\"rounded-cc-xl bg-white p-4 m:p-6\" data-component=\"AccordionItem\">\n<div id=\"AccordionItem-158\" class=\"flex items-center space-x-2 relative group\" data-ref=\"btn\" aria-expanded=\"false\" aria-controls=\"content-AccordionItem-158\">\n<p><span class=\"bg-green rounded-cc p-2 size-10 flex items-center\"><img decoding=\"async\" src=\"https:\/\/www.crosscall.com\/cdn\/shop\/files\/picto_x-link.svg?v=1755080407&amp;width=100\" srcset=\"\/\/www.crosscall.com\/cdn\/shop\/files\/picto_x-link.svg?v=1755080407&amp;width=100 100w\" alt=\"\" width=\"100\" height=\"100\" \/><\/span><\/p>\n<div class=\"type-h4\"><strong>Responsible for product to packaging<\/strong><\/div>\n<\/div>\n<div class=\"overflow-hidden m:!visible m:!h-auto\" data-ref=\"container\">\n<p class=\"text-sm text-grey-600 leading-normal pt-2\" data-ref=\"content\" aria-hidden=\"true\" aria-labelledby=\"AccordionItem-158\">The durability of the CORE-T5 doesn&#8217;t stop at the tablet itself: it extends to its packaging, designed according to eco-design principles to reduce environmental impact. This approach is fully in line with the brand&#8217;s CSR commitments. The box contains: the tablet [1] CORE-T5, the charging cable [2] C\u00c2BLE USB-C \/ USB-C and the fixing system [3] X-BLOCKER.<\/p>\n<div>\n<div class=\"border-t border-grey-200 py-6 flex items-center gap-x-4\">\n<p><img loading=\"lazy\" decoding=\"async\" class=\"object-contain h-16 object-center\" src=\"https:\/\/www.crosscall.com\/cdn\/shop\/files\/PICTO_CHARGEUR_PRODUITS_CHARGEUR_DONNEES_TECHNIQUES__7x10_5mm_min__CORE-T5.svg?v=1756300559&amp;width=40\" srcset=\"\/\/www.crosscall.com\/cdn\/shop\/files\/PICTO_CHARGEUR_PRODUITS_CHARGEUR_DONNEES_TECHNIQUES__7x10_5mm_min__CORE-T5.svg?v=1756300559&amp;width=40 40w\" width=\"40\" height=\"60\" \/><\/p>\n<p class=\"font-body text-base text-grey-600\">Universal charger compatible<\/p>\n<\/div>\n<div class=\"border-t border-grey-200 py-6 flex items-center gap-x-4\">\n<p><img loading=\"lazy\" decoding=\"async\" class=\"object-contain h-16 object-center\" src=\"https:\/\/www.crosscall.com\/cdn\/shop\/files\/PICTO_CHARGEUR_PRODUITS_CHARGEUR_EXCLUS__9_5x13mm_min_1-OG.svg?v=1756300948&amp;width=40\" srcset=\"\/\/www.crosscall.com\/cdn\/shop\/files\/PICTO_CHARGEUR_PRODUITS_CHARGEUR_EXCLUS__9_5x13mm_min_1-OG.svg?v=1756300948&amp;width=40 40w\" width=\"40\" height=\"60\" \/><\/p>\n<p class=\"font-body text-base text-grey-600\">Charger unit not included<\/p>\n<\/div>\n<\/div>\n<\/div>\n<\/div>\n<\/div>\n<\/div>\n<div class=\"rounded-cc-xl bg-white p-4 m:p-6\" data-component=\"AccordionItem\">\n<div class=\"overflow-hidden m:!visible m:!h-auto\" style=\"visibility: hidden; height: 0;\" data-ref=\"container\">\n<p id=\"content-AccordionItem-158\" class=\"text-sm text-grey-600 leading-normal pt-2\" data-ref=\"content\" aria-hidden=\"true\" aria-labelledby=\"AccordionItem-158\">Magnetic attachment system makes it easy to attach, load and transfer data<\/p>\n<\/div>\n<\/div>\n<\/div>\n","protected":false},"excerpt":{"rendered":"<p><strong>Tablet do ka\u017ed\u00e9ho ter\u00e9nu bez kompromis\u016f<\/strong><\/p>\n<p>For all-terrain use, this rugged tablet is capable of running business applications thanks to its powerful processor.<\/p>\n<p>SARBody 1.58 W\/kg, SAR Members 2.90 W\/kg<\/p>\n<p>Comfortable 8&#8243; screen<\/p>\n<p>26h of app use<\/p>\n<p>Withstands falls from 1.5 metres<\/p>\n<p>version :<\/p>\n<p>4GB \/ 64GB<br \/>\nfrom memory<\/p>","protected":false},"featured_media":1001019,"comment_status":"open","ping_status":"closed","template":"","meta":{"_monsterinsights_skip_tracking":false,"_monsterinsights_sitenote_active":false,"_monsterinsights_sitenote_note":"","_monsterinsights_sitenote_category":0},"product_brand":[99],"product_cat":[102],"product_tag":[101],"class_list":{"0":"post-1001014","1":"product","2":"type-product","3":"status-publish","4":"has-post-thumbnail","6":"product_brand-crosscall","7":"product_cat-tablet","8":"product_tag-mobile-phone","10":"first","11":"instock","12":"shipping-taxable","13":"purchasable","14":"product-type-simple"},"aioseo_notices":[],"_links":{"self":[{"href":"https:\/\/jorlar.com\/cs\/wp-json\/wp\/v2\/product\/1001014","targetHints":{"allow":["GET"]}}],"collection":[{"href":"https:\/\/jorlar.com\/cs\/wp-json\/wp\/v2\/product"}],"about":[{"href":"https:\/\/jorlar.com\/cs\/wp-json\/wp\/v2\/types\/product"}],"replies":[{"embeddable":true,"href":"https:\/\/jorlar.com\/cs\/wp-json\/wp\/v2\/comments?post=1001014"}],"version-history":[{"count":0,"href":"https:\/\/jorlar.com\/cs\/wp-json\/wp\/v2\/product\/1001014\/revisions"}],"wp:featuredmedia":[{"embeddable":true,"href":"https:\/\/jorlar.com\/cs\/wp-json\/wp\/v2\/media\/1001019"}],"wp:attachment":[{"href":"https:\/\/jorlar.com\/cs\/wp-json\/wp\/v2\/media?parent=1001014"}],"wp:term":[{"taxonomy":"product_brand","embeddable":true,"href":"https:\/\/jorlar.com\/cs\/wp-json\/wp\/v2\/product_brand?post=1001014"},{"taxonomy":"product_cat","embeddable":true,"href":"https:\/\/jorlar.com\/cs\/wp-json\/wp\/v2\/product_cat?post=1001014"},{"taxonomy":"product_tag","embeddable":true,"href":"https:\/\/jorlar.com\/cs\/wp-json\/wp\/v2\/product_tag?post=1001014"}],"curies":[{"name":"wp","href":"https:\/\/api.w.org\/{rel}","templated":true}]}}