{"id":415,"date":"2025-03-20T04:27:57","date_gmt":"2025-03-20T04:27:57","guid":{"rendered":"http:\/\/localhost\/glozin\/?page_id=415"},"modified":"2025-11-09T11:33:43","modified_gmt":"2025-11-09T11:33:43","slug":"about-us","status":"publish","type":"page","link":"https:\/\/jorlar.com\/da\/about-us\/","title":{"rendered":"Om os"},"content":{"rendered":"<div data-elementor-type=\"wp-page\" data-elementor-id=\"415\" class=\"elementor elementor-415\" data-elementor-post-type=\"page\">\n\t\t\t\t<div class=\"elementor-element elementor-element-6fa65faf e-flex e-con-boxed glozin-responsive-column glozin-tablet-column--default glozin-responsive-column glozin-mobile-column--default e-con e-parent\" data-id=\"6fa65faf\" data-element_type=\"container\" data-e-type=\"container\">\n\t\t\t\t\t<div class=\"e-con-inner\">\n\t\t\t\t<div class=\"elementor-element elementor-element-7a490b56 elementor-widget elementor-widget-glozin-heading\" data-id=\"7a490b56\" data-element_type=\"widget\" data-e-type=\"widget\" data-widget_type=\"glozin-heading.default\">\n\t\t\t\t<div class=\"elementor-widget-container\">\n\t\t\t\t\t\t\t<div class=\"glozin-heading-elementor\">\n\t\t\t\t<h6 class=\"glozin-heading d-flex align-items-center my-0 glozin-heading--default\">\n\t\t\t\t\tVelkommen til JORLAR sro.\n\n\t\t\t\t<\/h6>\n\t\t\t<\/div>\n\t\t\t\t\t\t<\/div>\n\t\t\t\t<\/div>\n\t\t\t\t<div class=\"elementor-element elementor-element-3622e4d2 elementor-widget elementor-widget-glozin-heading\" data-id=\"3622e4d2\" data-element_type=\"widget\" data-e-type=\"widget\" data-widget_type=\"glozin-heading.default\">\n\t\t\t\t<div class=\"elementor-widget-container\">\n\t\t\t\t\t\t\t<div class=\"glozin-heading-elementor\">\n\t\t\t\t<h2 class=\"glozin-heading d-flex align-items-center my-0 glozin-heading--default\">\n\t\t\t\t\tK\u00e6re damer og herrer\n\t\t\t\t<\/h2>\n\t\t\t<\/div>\n\t\t\t\t\t\t<\/div>\n\t\t\t\t<\/div>\n\t\t\t\t\t<\/div>\n\t\t\t\t<\/div>\n\t\t<div class=\"elementor-element elementor-element-61ace5de e-flex e-con-boxed glozin-responsive-column glozin-tablet-column--default glozin-responsive-column glozin-mobile-column--default e-con e-parent\" data-id=\"61ace5de\" data-element_type=\"container\" data-e-type=\"container\">\n\t\t\t\t\t<div class=\"e-con-inner\">\n\t\t\t\t<div class=\"elementor-element elementor-element-49f698e4 elementor-widget elementor-widget-image\" data-id=\"49f698e4\" data-element_type=\"widget\" data-e-type=\"widget\" data-widget_type=\"image.default\">\n\t\t\t\t\t\t\t\t\t\t\t\t\t\t\t<img fetchpriority=\"high\" decoding=\"async\" width=\"1280\" height=\"720\" src=\"https:\/\/jorlar.com\/wp-content\/uploads\/2025\/10\/68391c7deaf3ce0da601018f_Website-video-poster-mini.webp\" class=\"attachment-full size-full wp-image-1000320\" alt=\"\" srcset=\"https:\/\/jorlar.com\/wp-content\/uploads\/2025\/10\/68391c7deaf3ce0da601018f_Website-video-poster-mini.webp 1280w, https:\/\/jorlar.com\/wp-content\/uploads\/2025\/10\/68391c7deaf3ce0da601018f_Website-video-poster-mini-300x169.webp 300w, https:\/\/jorlar.com\/wp-content\/uploads\/2025\/10\/68391c7deaf3ce0da601018f_Website-video-poster-mini-1024x576.webp 1024w, https:\/\/jorlar.com\/wp-content\/uploads\/2025\/10\/68391c7deaf3ce0da601018f_Website-video-poster-mini-768x432.webp 768w, https:\/\/jorlar.com\/wp-content\/uploads\/2025\/10\/68391c7deaf3ce0da601018f_Website-video-poster-mini-600x338.webp 600w, https:\/\/jorlar.com\/wp-content\/uploads\/2025\/10\/68391c7deaf3ce0da601018f_Website-video-poster-mini-130x73.webp 130w\" sizes=\"(max-width: 1280px) 100vw, 1280px\" \/>\t\t\t\t\t\t\t\t\t\t\t\t\t\t\t<\/div>\n\t\t\t\t<div class=\"elementor-element elementor-element-308d52b elementor-widget elementor-widget-glozin-heading\" data-id=\"308d52b\" data-element_type=\"widget\" data-e-type=\"widget\" data-widget_type=\"glozin-heading.default\">\n\t\t\t\t<div class=\"elementor-widget-container\">\n\t\t\t\t\t\t\t<div class=\"glozin-heading-elementor\">\n\t\t\t\t<div class=\"glozin-heading d-flex align-items-center my-0 glozin-heading--default\">\n\t\t\t\t\tIndtil nu kendte du m\u00e5ske kun TACEMA som distribut\u00f8r og salgspartner for INELO, men TACEMA er meget mere end det. Vi betragter os selv som leverand\u00f8r af en komplet vifte af tjenester, der tilbyder individuelle l\u00f8sninger til internettet, onlinebutikker, IT-uddannelse af alle slags med fokus p\u00e5 Microsoft, Apple og selvf\u00f8lgelig INELO-produkter, samt mange andre IT-produkter og -l\u00f8sninger.\n\t\t\t\t<\/div>\n\t\t\t<\/div>\n\t\t\t\t\t\t<\/div>\n\t\t\t\t<\/div>\n\t\t\t\t<div class=\"elementor-element elementor-element-f72037b elementor-widget elementor-widget-glozin-heading\" data-id=\"f72037b\" data-element_type=\"widget\" data-e-type=\"widget\" data-widget_type=\"glozin-heading.default\">\n\t\t\t\t<div class=\"elementor-widget-container\">\n\t\t\t\t\t\t\t<div class=\"glozin-heading-elementor\">\n\t\t\t\t<div class=\"glozin-heading d-flex align-items-center my-0 glozin-heading--default\">\n\t\t\t\t\tDerfor har TACEMA besluttet at adskille sine aktiviteter fra INELO, og du kan byde vores nye afdeling velkommen! JORLAR er en s\u00e6rlig ny afdeling af TACEMA, der udelukkende vil arbejde med INELOs produkter som Tachoscan og Tachoscan Control. Vi er fuldt dedikerede til vores kunder og \u00f8nsker at give dem mest muligt ud af vores tid. Vi tilbyder ogs\u00e5 fjernsupport til standardapplikationer og specialtilbud til s\u00e6rlige kunder. \n\t\t\t\t<\/div>\n\t\t\t<\/div>\n\t\t\t\t\t\t<\/div>\n\t\t\t\t<\/div>\n\t\t\t\t<div class=\"elementor-element elementor-element-8585a84 elementor-widget elementor-widget-glozin-heading\" data-id=\"8585a84\" data-element_type=\"widget\" data-e-type=\"widget\" data-widget_type=\"glozin-heading.default\">\n\t\t\t\t<div class=\"elementor-widget-container\">\n\t\t\t\t\t\t\t<div class=\"glozin-heading-elementor\">\n\t\t\t\t<div class=\"glozin-heading d-flex align-items-center my-0 glozin-heading--default\">\n\t\t\t\t\tDa JORLAR er baseret i Tjekkiet, men har tyske r\u00f8dder, vil dette give dig en stor fordel. Du vil modtage service af h\u00f8j kvalitet fra en international virksomhed uden sprogbarrierer! Vores team taler flere sprog, men tysk er vores kompetence. JORLAR ser frem til vores videre samarbejde! Med venlig hilsen, JORLAR-teamet\n\n\t\t\t\t<\/div>\n\t\t\t<\/div>\n\t\t\t\t\t\t<\/div>\n\t\t\t\t<\/div>\n\t\t\t\t\t<\/div>\n\t\t\t\t<\/div>\n\t\t<div class=\"elementor-element elementor-element-45d89174 e-flex e-con-boxed glozin-responsive-column glozin-tablet-column--default glozin-responsive-column glozin-mobile-column--default e-con e-parent\" data-id=\"45d89174\" data-element_type=\"container\" data-e-type=\"container\">\n\t\t\t\t\t<div class=\"e-con-inner\">\n\t\t\t\t<div class=\"elementor-element elementor-element-b10e564 elementor-widget-divider--view-line elementor-widget elementor-widget-divider\" data-id=\"b10e564\" data-element_type=\"widget\" data-e-type=\"widget\" data-widget_type=\"divider.default\">\n\t\t\t\t\t\t\t<div class=\"elementor-divider\">\n\t\t\t<span class=\"elementor-divider-separator\">\n\t\t\t\t\t\t<\/span>\n\t\t<\/div>\n\t\t\t\t\t\t<\/div>\n\t\t\t\t\t<\/div>\n\t\t\t\t<\/div>\n\t\t\t\t<\/div>","protected":false},"excerpt":{"rendered":"<p>Welcome to JORLAR s.r.o. Dear ladies and gentlemen Until now, you may had known TACEMA only as a distributor and sales partner of INELO, but TACEMA is much more than that. We consider ourselves as provider of a full range of services, offering individual solutions for the internet, online shops, IT training of all kinds [&hellip;]<\/p>\n","protected":false},"author":1,"featured_media":0,"parent":0,"menu_order":0,"comment_status":"closed","ping_status":"closed","template":"","meta":{"_monsterinsights_skip_tracking":false,"_monsterinsights_sitenote_active":false,"_monsterinsights_sitenote_note":"","_monsterinsights_sitenote_category":0,"footnotes":""},"class_list":["post-415","page","type-page","status-publish","hentry"],"aioseo_notices":[],"_hostinger_reach_plugin_has_subscription_block":false,"_hostinger_reach_plugin_is_elementor":false,"_links":{"self":[{"href":"https:\/\/jorlar.com\/da\/wp-json\/wp\/v2\/pages\/415","targetHints":{"allow":["GET"]}}],"collection":[{"href":"https:\/\/jorlar.com\/da\/wp-json\/wp\/v2\/pages"}],"about":[{"href":"https:\/\/jorlar.com\/da\/wp-json\/wp\/v2\/types\/page"}],"author":[{"embeddable":true,"href":"https:\/\/jorlar.com\/da\/wp-json\/wp\/v2\/users\/1"}],"replies":[{"embeddable":true,"href":"https:\/\/jorlar.com\/da\/wp-json\/wp\/v2\/comments?post=415"}],"version-history":[{"count":7,"href":"https:\/\/jorlar.com\/da\/wp-json\/wp\/v2\/pages\/415\/revisions"}],"predecessor-version":[{"id":1000796,"href":"https:\/\/jorlar.com\/da\/wp-json\/wp\/v2\/pages\/415\/revisions\/1000796"}],"wp:attachment":[{"href":"https:\/\/jorlar.com\/da\/wp-json\/wp\/v2\/media?parent=415"}],"curies":[{"name":"wp","href":"https:\/\/api.w.org\/{rel}","templated":true}]}}