{"id":1000225,"date":"2025-10-28T05:22:01","date_gmt":"2025-10-28T05:22:01","guid":{"rendered":"https:\/\/jorlar.com\/?post_type=product&#038;p=1000225"},"modified":"2026-02-26T15:22:40","modified_gmt":"2026-02-26T15:22:40","slug":"remote-update-tachoreader-combo-tachoreader-basic","status":"publish","type":"product","link":"https:\/\/jorlar.com\/de\/shop\/devices-for-downloading-data\/remote-update-tachoreader-combo-tachoreader-basic\/","title":{"rendered":"Remote-Update TachoReader Combo TachoReader Basic"},"content":{"rendered":"<p>Das Software-Update f\u00fcr den Treiberkartenleser und den TachoReader Combo, TachoReader Basic Tachographen gew\u00e4hrleistet die vollst\u00e4ndige Einhaltung der Vorschriften und Anforderungen der Europ\u00e4ischen Kommission, bietet umfassende Unterst\u00fctzung f\u00fcr die neuesten Karten und Tachographen und verbessert die Funktionen und die Betriebsstabilit\u00e4t des Ger\u00e4ts.<\/p>\n<p>Nach dem Update kann das Ger\u00e4t Folgendes lesen:<\/p>\n<ul>\n<li>die neuen G2v2-Karten mit erweitertem Datenspeicher (bis zu 56 Tage);<\/li>\n<li>der Abschnitt \u00fcber neue G2v2-Karten bez\u00fcglich Aufzeichnungen von Be- und Entladevorg\u00e4ngen sowie des automatischen Grenz\u00fcbertritts;<\/li>\n<li>Intelligente Fahrtenschreiber der zweiten Generation.<\/li>\n<\/ul>\n<p><strong>\u00a0<\/strong><\/p>\n<p>F\u00fcr Ger\u00e4te des Typs TACHOREADER\u00ae COMBO PLUS, deren Seriennummer mit dem Buchstaben \u201cA\u201d endet, k\u00f6nnen Updates und neue Funktionen aktiviert werden.\u201d<br \/>\nDer Aktivierungscode wird nach \u00dcberpr\u00fcfung und Zahlungseingang an die angegebene E-Mail-Adresse gesendet, abh\u00e4ngig vom Kaufdatum des Ger\u00e4ts.<\/p>\n<p><a href=\"https:\/\/jorlar.com\/wp-content\/uploads\/2025\/10\/INSTRUCTION_MANUAL_FOR_ACTIVATING_THE_SMART_TACHOGRAPH_READOUT_FUNCTION.pdf\" target=\"_blank\" rel=\"noopener\"><strong>Bedienungsanleitung zur Aktivierung der intelligenten Tachographen-Anzeigefunktion &gt;&gt;&gt;<\/strong><\/a><\/p>","protected":false},"excerpt":{"rendered":"<p>Remote Update TachoReader Combo Plus \u2013 Aktivierung der intelligenten Tachographen-Auslesefunktion, die das Auslesen von Daten von neuen Karten und intelligenten Tachographen erm\u00f6glicht.<\/p>","protected":false},"featured_media":1000227,"comment_status":"open","ping_status":"closed","template":"","meta":{"_monsterinsights_skip_tracking":false,"_monsterinsights_sitenote_active":false,"_monsterinsights_sitenote_note":"","_monsterinsights_sitenote_category":0},"product_brand":[78],"product_cat":[79],"product_tag":[],"class_list":{"0":"post-1000225","1":"product","2":"type-product","3":"status-publish","4":"has-post-thumbnail","6":"product_brand-inelo","7":"product_cat-devices-for-downloading-data","9":"first","10":"instock","11":"featured","12":"shipping-taxable","13":"purchasable","14":"product-type-simple"},"aioseo_notices":[],"_links":{"self":[{"href":"https:\/\/jorlar.com\/de\/wp-json\/wp\/v2\/product\/1000225","targetHints":{"allow":["GET"]}}],"collection":[{"href":"https:\/\/jorlar.com\/de\/wp-json\/wp\/v2\/product"}],"about":[{"href":"https:\/\/jorlar.com\/de\/wp-json\/wp\/v2\/types\/product"}],"replies":[{"embeddable":true,"href":"https:\/\/jorlar.com\/de\/wp-json\/wp\/v2\/comments?post=1000225"}],"version-history":[{"count":1,"href":"https:\/\/jorlar.com\/de\/wp-json\/wp\/v2\/product\/1000225\/revisions"}],"predecessor-version":[{"id":1003677,"href":"https:\/\/jorlar.com\/de\/wp-json\/wp\/v2\/product\/1000225\/revisions\/1003677"}],"wp:featuredmedia":[{"embeddable":true,"href":"https:\/\/jorlar.com\/de\/wp-json\/wp\/v2\/media\/1000227"}],"wp:attachment":[{"href":"https:\/\/jorlar.com\/de\/wp-json\/wp\/v2\/media?parent=1000225"}],"wp:term":[{"taxonomy":"product_brand","embeddable":true,"href":"https:\/\/jorlar.com\/de\/wp-json\/wp\/v2\/product_brand?post=1000225"},{"taxonomy":"product_cat","embeddable":true,"href":"https:\/\/jorlar.com\/de\/wp-json\/wp\/v2\/product_cat?post=1000225"},{"taxonomy":"product_tag","embeddable":true,"href":"https:\/\/jorlar.com\/de\/wp-json\/wp\/v2\/product_tag?post=1000225"}],"curies":[{"name":"wp","href":"https:\/\/api.w.org\/{rel}","templated":true}]}}