{"id":1000239,"date":"2025-10-28T05:36:50","date_gmt":"2025-10-28T05:36:50","guid":{"rendered":"https:\/\/jorlar.com\/?post_type=product&#038;p=1000239"},"modified":"2026-02-26T15:22:26","modified_gmt":"2026-02-26T15:22:26","slug":"tacho-usb","status":"publish","type":"product","link":"https:\/\/jorlar.com\/de\/shop\/devices-for-downloading-data\/tacho-usb\/","title":{"rendered":"Tacho USB"},"content":{"rendered":"<p>Ger\u00e4tefunktionalit\u00e4t:<\/p>\n<ul>\n<li>Unterst\u00fctzt die Kommunikation zwischen Fahrtenschreiber und App zum Auslesen von Daten vom Fahrtenschreiber und der Fahrerkarte<\/li>\n<li>L\u00e4dt benutzerdefinierte Systemdaten direkt auf Ihren Laptop herunter<\/li>\n<li>Gew\u00e4hrleistet korrekten und effizienten Tachographen-Download<\/li>\n<li>Einfache und intuitive Bedienung<\/li>\n<li>Kabell\u00e4nge bis zu 185 cm<\/li>\n<\/ul>","protected":false},"excerpt":{"rendered":"<p>Ger\u00e4t zur Unterst\u00fctzung des Fernabrufs von Daten von digitalen Fahrtenschreibern. Das Ger\u00e4t ben\u00f6tigt die Software 4Trans zum Betrieb.<\/p>","protected":false},"featured_media":1000240,"comment_status":"open","ping_status":"closed","template":"","meta":{"_monsterinsights_skip_tracking":false,"_monsterinsights_sitenote_active":false,"_monsterinsights_sitenote_note":"","_monsterinsights_sitenote_category":0},"product_brand":[78],"product_cat":[79],"product_tag":[],"class_list":{"0":"post-1000239","1":"product","2":"type-product","3":"status-publish","4":"has-post-thumbnail","6":"product_brand-inelo","7":"product_cat-devices-for-downloading-data","9":"first","10":"instock","11":"featured","12":"shipping-taxable","13":"purchasable","14":"product-type-simple"},"aioseo_notices":[],"_links":{"self":[{"href":"https:\/\/jorlar.com\/de\/wp-json\/wp\/v2\/product\/1000239","targetHints":{"allow":["GET"]}}],"collection":[{"href":"https:\/\/jorlar.com\/de\/wp-json\/wp\/v2\/product"}],"about":[{"href":"https:\/\/jorlar.com\/de\/wp-json\/wp\/v2\/types\/product"}],"replies":[{"embeddable":true,"href":"https:\/\/jorlar.com\/de\/wp-json\/wp\/v2\/comments?post=1000239"}],"version-history":[{"count":1,"href":"https:\/\/jorlar.com\/de\/wp-json\/wp\/v2\/product\/1000239\/revisions"}],"predecessor-version":[{"id":1003675,"href":"https:\/\/jorlar.com\/de\/wp-json\/wp\/v2\/product\/1000239\/revisions\/1003675"}],"wp:featuredmedia":[{"embeddable":true,"href":"https:\/\/jorlar.com\/de\/wp-json\/wp\/v2\/media\/1000240"}],"wp:attachment":[{"href":"https:\/\/jorlar.com\/de\/wp-json\/wp\/v2\/media?parent=1000239"}],"wp:term":[{"taxonomy":"product_brand","embeddable":true,"href":"https:\/\/jorlar.com\/de\/wp-json\/wp\/v2\/product_brand?post=1000239"},{"taxonomy":"product_cat","embeddable":true,"href":"https:\/\/jorlar.com\/de\/wp-json\/wp\/v2\/product_cat?post=1000239"},{"taxonomy":"product_tag","embeddable":true,"href":"https:\/\/jorlar.com\/de\/wp-json\/wp\/v2\/product_tag?post=1000239"}],"curies":[{"name":"wp","href":"https:\/\/api.w.org\/{rel}","templated":true}]}}