{"id":1000243,"date":"2025-10-28T05:40:44","date_gmt":"2025-10-28T05:40:44","guid":{"rendered":"https:\/\/jorlar.com\/?post_type=product&#038;p=1000243"},"modified":"2026-02-26T15:22:14","modified_gmt":"2026-02-26T15:22:14","slug":"tachoreader","status":"publish","type":"product","link":"https:\/\/jorlar.com\/de\/shop\/devices-for-downloading-data\/tachoreader\/","title":{"rendered":"TachoReader"},"content":{"rendered":"<p>Mit dem TachoReader\u00ae-Treiberkartenleser k\u00f6nnen Sie beliebige Treiberkarten auslesen und die Daten direkt (\u00fcber den USB-Anschluss) an einen Computer \u00fcbertragen, wo sie analysiert und archiviert werden. Kompatibel mit der TachoScan\u00ae-Software.<\/p>\n<p>Weitere Informationen zu TachoScan\u00ae finden Sie unter: <a href=\"#\">TachoScan\u00ae<\/a><\/p>\n<p><strong>Funktionen des Fahrerkartenlesers:<\/strong><\/p>\n<ul>\n<li>Lesen von Daten von Karten (ohne Einschr\u00e4nkungen)<\/li>\n<li>Speichern von Dateien im DDD-Format (digitale Signatur \u2013 gesetzlich vorgeschrieben)<\/li>\n<\/ul>\n<p><strong>Um mit TachReader Daten von einer Treiberkarte auslesen zu k\u00f6nnen, ist zus\u00e4tzliche Software erforderlich!<\/strong><\/p>","protected":false},"excerpt":{"rendered":"<p>Treiberkartenleser f\u00fcr eine effiziente und reibungslose \u00dcbertragung der auf der Karte gespeicherten Daten direkt an den Computer (\u00fcber den USB-Anschluss).<\/p>","protected":false},"featured_media":1000244,"comment_status":"open","ping_status":"closed","template":"","meta":{"_monsterinsights_skip_tracking":false,"_monsterinsights_sitenote_active":false,"_monsterinsights_sitenote_note":"","_monsterinsights_sitenote_category":0},"product_brand":[78],"product_cat":[79],"product_tag":[],"class_list":{"0":"post-1000243","1":"product","2":"type-product","3":"status-publish","4":"has-post-thumbnail","6":"product_brand-inelo","7":"product_cat-devices-for-downloading-data","9":"first","10":"instock","11":"featured","12":"shipping-taxable","13":"purchasable","14":"product-type-simple"},"aioseo_notices":[],"_links":{"self":[{"href":"https:\/\/jorlar.com\/de\/wp-json\/wp\/v2\/product\/1000243","targetHints":{"allow":["GET"]}}],"collection":[{"href":"https:\/\/jorlar.com\/de\/wp-json\/wp\/v2\/product"}],"about":[{"href":"https:\/\/jorlar.com\/de\/wp-json\/wp\/v2\/types\/product"}],"replies":[{"embeddable":true,"href":"https:\/\/jorlar.com\/de\/wp-json\/wp\/v2\/comments?post=1000243"}],"version-history":[{"count":1,"href":"https:\/\/jorlar.com\/de\/wp-json\/wp\/v2\/product\/1000243\/revisions"}],"predecessor-version":[{"id":1003673,"href":"https:\/\/jorlar.com\/de\/wp-json\/wp\/v2\/product\/1000243\/revisions\/1003673"}],"wp:featuredmedia":[{"embeddable":true,"href":"https:\/\/jorlar.com\/de\/wp-json\/wp\/v2\/media\/1000244"}],"wp:attachment":[{"href":"https:\/\/jorlar.com\/de\/wp-json\/wp\/v2\/media?parent=1000243"}],"wp:term":[{"taxonomy":"product_brand","embeddable":true,"href":"https:\/\/jorlar.com\/de\/wp-json\/wp\/v2\/product_brand?post=1000243"},{"taxonomy":"product_cat","embeddable":true,"href":"https:\/\/jorlar.com\/de\/wp-json\/wp\/v2\/product_cat?post=1000243"},{"taxonomy":"product_tag","embeddable":true,"href":"https:\/\/jorlar.com\/de\/wp-json\/wp\/v2\/product_tag?post=1000243"}],"curies":[{"name":"wp","href":"https:\/\/api.w.org\/{rel}","templated":true}]}}