{"id":1000914,"date":"2025-11-28T08:58:58","date_gmt":"2025-11-28T08:58:58","guid":{"rendered":"https:\/\/jorlar.com\/?post_type=product&#038;p=1000914"},"modified":"2026-03-06T14:36:14","modified_gmt":"2026-03-06T14:36:14","slug":"tachoscan-new-license-tachoscan-foreign-salary","status":"publish","type":"product","link":"https:\/\/jorlar.com\/de\/shop\/software\/software-for-transport\/tachoscan-new-license-tachoscan-foreign-salary\/","title":{"rendered":"TachoScan \u2013 Neue Lizenz TachoScan\u00ae \u2013 Auslandsgehalt"},"content":{"rendered":"<p><b>Modul \u201eAusl\u00e4ndisches Gehalt\u201c \u2013 Beschreibung<\/b><\/p>\n<p><span style=\"font-weight: 400;\">Der <\/span><b>Modul f\u00fcr ausl\u00e4ndische Geh\u00e4lter<\/b><span style=\"font-weight: 400;\"> erweitert TachoScan um die M\u00f6glichkeit der automatischen Berechnung <\/span><b>L\u00f6hne f\u00fcr ausl\u00e4ndische Fahrer<\/b><span style=\"font-weight: 400;\">.<\/span><span style=\"font-weight: 400;\"><br \/>\n<\/span><span style=\"font-weight: 400;\">Es hilft Transportunternehmen, die gesetzlichen Anforderungen in verschiedenen L\u00e4ndern zu erf\u00fcllen, indem es Fahr-, Arbeits- und Ruhezeiten korrekt bewertet und in die jeweiligen nationalen Verg\u00fctungsvorschriften umrechnet.<\/span><\/p>\n<p><span style=\"font-weight: 400;\">Dadurch ist es ideal f\u00fcr international operierende Flotten, die Folgendes ben\u00f6tigen: <\/span><b>Rechtskonforme, automatisierte und effiziente Lohnabrechnung<\/b><span style=\"font-weight: 400;\"> f\u00fcr grenz\u00fcberschreitende Fahrert\u00e4tigkeiten.<\/span><\/p>\n<p>&nbsp;<\/p>\n<p><b>Wichtiger Hinweis<\/b><\/p>\n<p><span style=\"font-weight: 400;\">Der <\/span><b>Das Modul f\u00fcr ausl\u00e4ndische Geh\u00e4lter kann nicht eigenst\u00e4ndig funktionieren.<\/b><span style=\"font-weight: 400;\"><br \/>\n<\/span><span style=\"font-weight: 400;\">Es funktioniert ausschlie\u00dflich <\/span><b>zusammen mit der Standard-TachoScan-Software<\/b><span style=\"font-weight: 400;\">.<\/span><\/p>\n<ul>\n<li style=\"font-weight: 400;\" aria-level=\"1\"><span style=\"font-weight: 400;\">Wenn Sie bereits \u00fcber eine g\u00fcltige TachoScan-Softwarelizenz verf\u00fcgen \u2192 <\/span><b>Das Modul kann hinzugef\u00fcgt werden<\/b><\/li>\n<li style=\"font-weight: 400;\" aria-level=\"1\"><span style=\"font-weight: 400;\">Falls Sie keine TachoScan-Lizenz besitzen \u2192 <\/span><b>Die Software muss ebenfalls erworben werden.<\/b><\/li>\n<\/ul>\n<p><span style=\"font-weight: 400;\">Ohne die Hauptsoftware ist das Auslandsgehaltsmodul <\/span><b>nicht funktionsf\u00e4hig<\/b><span style=\"font-weight: 400;\">.<\/span><\/p>\n<p>&nbsp;<\/p>","protected":false},"excerpt":{"rendered":"<p>TachoScan \u2013 Neue Lizenz TachoScan\u00ae \u2013 Auslandsgehalt<\/p>","protected":false},"featured_media":1000892,"comment_status":"open","ping_status":"closed","template":"","meta":{"_monsterinsights_skip_tracking":false,"_monsterinsights_sitenote_active":false,"_monsterinsights_sitenote_note":"","_monsterinsights_sitenote_category":0},"product_brand":[78],"product_cat":[80],"product_tag":[],"class_list":{"0":"post-1000914","1":"product","2":"type-product","3":"status-publish","4":"has-post-thumbnail","6":"product_brand-inelo","7":"product_cat-software-for-transport","8":"product_shipping_class-1-2-day","10":"first","11":"instock","12":"shipping-taxable","13":"purchasable","14":"product-type-variable"},"aioseo_notices":[],"_links":{"self":[{"href":"https:\/\/jorlar.com\/de\/wp-json\/wp\/v2\/product\/1000914","targetHints":{"allow":["GET"]}}],"collection":[{"href":"https:\/\/jorlar.com\/de\/wp-json\/wp\/v2\/product"}],"about":[{"href":"https:\/\/jorlar.com\/de\/wp-json\/wp\/v2\/types\/product"}],"replies":[{"embeddable":true,"href":"https:\/\/jorlar.com\/de\/wp-json\/wp\/v2\/comments?post=1000914"}],"version-history":[{"count":1,"href":"https:\/\/jorlar.com\/de\/wp-json\/wp\/v2\/product\/1000914\/revisions"}],"predecessor-version":[{"id":1003741,"href":"https:\/\/jorlar.com\/de\/wp-json\/wp\/v2\/product\/1000914\/revisions\/1003741"}],"wp:featuredmedia":[{"embeddable":true,"href":"https:\/\/jorlar.com\/de\/wp-json\/wp\/v2\/media\/1000892"}],"wp:attachment":[{"href":"https:\/\/jorlar.com\/de\/wp-json\/wp\/v2\/media?parent=1000914"}],"wp:term":[{"taxonomy":"product_brand","embeddable":true,"href":"https:\/\/jorlar.com\/de\/wp-json\/wp\/v2\/product_brand?post=1000914"},{"taxonomy":"product_cat","embeddable":true,"href":"https:\/\/jorlar.com\/de\/wp-json\/wp\/v2\/product_cat?post=1000914"},{"taxonomy":"product_tag","embeddable":true,"href":"https:\/\/jorlar.com\/de\/wp-json\/wp\/v2\/product_tag?post=1000914"}],"curies":[{"name":"wp","href":"https:\/\/api.w.org\/{rel}","templated":true}]}}