{"id":2,"date":"2025-04-17T11:06:36","date_gmt":"2025-04-17T11:06:36","guid":{"rendered":"https:\/\/wpglozin.com\/echozone\/?page_id=2"},"modified":"2025-12-08T10:09:55","modified_gmt":"2025-12-08T10:09:55","slug":"privacy-policy-2","status":"publish","type":"page","link":"https:\/\/jorlar.com\/de_at\/privacy-policy-2\/","title":{"rendered":"Datenschutzrichtlinie"},"content":{"rendered":"<div data-elementor-type=\"wp-page\" data-elementor-id=\"2\" class=\"elementor elementor-2\" data-elementor-post-type=\"page\">\n\t\t\t\t<div class=\"elementor-element elementor-element-4f02d13 e-con-full e-flex glozin-responsive-column glozin-tablet-column--default glozin-responsive-column glozin-mobile-column--default e-con e-parent\" data-id=\"4f02d13\" data-element_type=\"container\" data-e-type=\"container\">\n\t\t\t\t<div class=\"elementor-element elementor-element-f1889f4 elementor-widget elementor-widget-html\" data-id=\"f1889f4\" data-element_type=\"widget\" data-e-type=\"widget\" data-widget_type=\"html.default\">\n\t\t\t\t\t<style>\r\n.jorlar-legal {\r\n  \r\n  margin: 0 auto;\r\n  font-family: Arial, sans-serif;\r\n  color: #1e1e1e;\r\n  line-height: 1.65;\r\n}\r\n\r\n.jorlar-legal h2 {\r\n  font-size: 28px;\r\n  margin-bottom: 20px;\r\n  text-transform: uppercase;\r\n  border-bottom: 3px solid #005F00;\r\n  padding-bottom: 8px;\r\n}\r\n\r\n.jorlar-legal h3 {\r\n  font-size: 20px;\r\n  margin-top: 30px;\r\n  margin-bottom: 10px;\r\n  color: #005F00;\r\n}\r\n\r\n.jorlar-legal p {\r\n  margin: 6px 0;\r\n}\r\n\r\n.jorlar-legal .box {\r\n  background: #f7f7f7;\r\n  padding: 18px 20px;\r\n  border-radius: 12px;\r\n  margin-bottom: 20px;\r\n}\r\n\r\n.jorlar-legal a {\r\n  color: #005F00;\r\n  text-decoration: none;\r\n  font-weight: 600;\r\n}\r\n\r\n.jorlar-legal a:hover {\r\n  text-decoration: underline;\r\n}\r\n\r\n.jorlar-legal .small {\r\n  font-size: 14px;\r\n  color: #666;\r\n}\r\n<\/style>\r\n\r\n<div class=\"jorlar-legal\">\r\n\r\n  <h2>Impressum<\/h2>\r\n\r\n  <div class=\"box\">\r\n    <p><strong>Unternehmen:<\/strong> JORLAR sro.<\/p>\r\n    <p><strong>Registrierte Adresse:<\/strong><br>\r\n      K \u010cerven\u00e9mu vrchu 844\/2a<br>\r\n      CZ-160 00 Prag 6<br>\r\n      Tschechische Republik\r\n    <\/p>\r\n  <\/div>\r\n\r\n  <h3>Kontakt<\/h3>\r\n  <div class=\"box\">\r\n    <p><strong>E-Mail:<\/strong> <a href=\"mailto:info@jorlar.com\">info@jorlar.com<\/a><\/p>\r\n    <p><strong>Telefon (Deutschland):<\/strong> <a href=\"tel:+4915750761314\">+49 157 5076 1314<\/a><\/p>\r\n    <p><strong>Telefon (CZ \u2013 Festnetz):<\/strong> <a href=\"tel:+420226886571\">+420 226 886 571<\/a><\/p>\r\n    <p><strong>Telefon (CZ \u2013 Mobiltelefon):<\/strong> <a href=\"tel:+420734260766\">+420 734 260 766<\/a><\/p>\r\n  <\/div>\r\n\r\n  <h3>Vertreten durch (Gesch\u00e4ftsf\u00fchrer)<\/h3>\r\n  <div class=\"box\">\r\n    <p>J\u00f6rg Harmening<\/p>\r\n  <\/div>\r\n\r\n  <h3>Handelsregister<\/h3>\r\n  <div class=\"box\">\r\n    <p><strong>Gericht \/ Beh\u00f6rde:<\/strong> wird bereitgestellt<\/p>\r\n    <p><strong>Registrierungsnummer:<\/strong> wird bereitgestellt<\/p>\r\n  <\/div>\r\n\r\n  <h3>Umsatzsteuer-Identifikationsnummer<\/h3>\r\n  <div class=\"box\">\r\n    <p>22033181<\/p>\r\n  <\/div>\r\n\r\n  <h3>Verantwortlich f\u00fcr redaktionelle Inhalte (\u00a7 18 Abs. 2 MStV, Deutschland)<\/h3>\r\n  <div class=\"box\">\r\n    <p>J\u00f6rg Harmening, an der oben genannten Adresse<\/p>\r\n  <\/div>\r\n\r\n  <h3>Bankverbindung<\/h3>\r\n  <div class=\"box\">\r\n    <p>Bankdaten werden gegebenenfalls auf den Rechnungen angegeben.<\/p>\r\n  <\/div>\r\n\r\n  <h3>Allgemeine Gesch\u00e4ftsbedingungen (AGB)<\/h3>\r\n  <div class=\"box\">\r\n    <p>\r\n      Unsere Allgemeinen Gesch\u00e4ftsbedingungen k\u00f6nnen Sie in deutscher, englischer, d\u00e4nischer, slowakischer, franz\u00f6sischer, italienischer und tschechischer Sprache im Downloadbereich dieser Website herunterladen.\r\n    <\/p>\r\n  <\/div>\r\n\r\n  <h3>Datenschutzrichtlinie<\/h3>\r\n  <div class=\"box\">\r\n    <p>\r\n      Informationen zur Datenverarbeitung, zu Cookies und Ihren Rechten finden Sie in unserer Datenschutzerkl\u00e4rung.\r\n    <\/p>\r\n  <\/div>\r\n\r\n  <h3>Online-Streitbeilegung<\/h3>\r\n  <div class=\"box\">\r\n    <p>\r\n      Die Europ\u00e4ische Kommission stellt eine Plattform zur Online-Streitbeilegung (OS-Plattform) zur Verf\u00fcgung:<br>\r\n      <a href=\"https:\/\/ec.europa.eu\/consumers\/odr\/\" target=\"_blank\">https:\/\/ec.europa.eu\/consumers\/odr\/<\/a>\r\n    <\/p>\r\n    <p>\r\n      Wir sind weder verpflichtet noch bereit, an Streitbeilegungsverfahren vor einer Verbraucherschlichtungsstelle teilzunehmen.\r\n    <\/p>\r\n  <\/div>\r\n\r\n  <h3>Haftung f\u00fcr Inhalte<\/h3>\r\n  <div class=\"box\">\r\n    <p>\r\n      Wir erstellen die Inhalte dieser Seiten mit gr\u00f6\u00dfter Sorgfalt. Dennoch k\u00f6nnen wir keine Haftung f\u00fcr die Richtigkeit, Vollst\u00e4ndigkeit oder Aktualit\u00e4t der Inhalte \u00fcbernehmen.\r\n    <\/p>\r\n  <\/div>\r\n\r\n  <h3>Haftung f\u00fcr Links<\/h3>\r\n  <div class=\"box\">\r\n    <p>\r\n      Unsere Website enth\u00e4lt Links zu externen Websites. Wir haben keinen Einfluss auf die Inhalte dieser Websites und k\u00f6nnen daher keine Haftung f\u00fcr solche externen Inhalte \u00fcbernehmen.\r\n    <\/p>\r\n  <\/div>\r\n\r\n  <h3>Copyright<\/h3>\r\n  <div class=\"box\">\r\n    <p>\r\n      Alle von JORLAR auf diesen Seiten erstellten Inhalte und Werke unterliegen dem Urheberrecht. Vervielf\u00e4ltigung, Bearbeitung, Verbreitung oder jegliche Form der kommerziellen Nutzung bed\u00fcrfen der vorherigen schriftlichen Zustimmung.\r\n    <\/p>\r\n  <\/div>\r\n\r\n  <h3>Bild- und Videocredits<\/h3>\r\n  <div class=\"box\">\r\n    <p>\r\n      Sofern nicht anders angegeben, sind Fotos und Videos Eigentum von JORLAR oder werden mit Genehmigung verwendet.\r\n    <\/p>\r\n  <\/div>\r\n\r\n  <p class=\"small\"><strong>Letzte Aktualisierung:<\/strong> 08.12.2025<\/p>\r\n\r\n<\/div>\r\n\t\t\t\t<\/div>\n\t\t\t\t<\/div>\n\t\t\t\t<\/div>","protected":false},"excerpt":{"rendered":"<p>Imprint (Impressum) Company: JORLAR s.r.o. Registered Address: K \u010cerven\u00e9mu vrchu 844\/2a CZ-160 00 Prague 6 Czech Republic Contact Email: info@jorlar.com Phone (Germany): +49 157 5076 1314 Phone (CZ \u2013 fixed line): +420 226 886 571 Phone (CZ \u2013 mobile): +420 734 260 766 Represented by (Managing Director) J\u00f6rg Harmening Commercial Register Court \/ Authority: to [&hellip;]<\/p>\n","protected":false},"author":1,"featured_media":0,"parent":0,"menu_order":0,"comment_status":"closed","ping_status":"open","template":"","meta":{"_monsterinsights_skip_tracking":false,"_monsterinsights_sitenote_active":false,"_monsterinsights_sitenote_note":"","_monsterinsights_sitenote_category":0,"footnotes":""},"class_list":["post-2","page","type-page","status-publish","hentry"],"aioseo_notices":[],"_hostinger_reach_plugin_has_subscription_block":false,"_hostinger_reach_plugin_is_elementor":false,"_links":{"self":[{"href":"https:\/\/jorlar.com\/de_at\/wp-json\/wp\/v2\/pages\/2","targetHints":{"allow":["GET"]}}],"collection":[{"href":"https:\/\/jorlar.com\/de_at\/wp-json\/wp\/v2\/pages"}],"about":[{"href":"https:\/\/jorlar.com\/de_at\/wp-json\/wp\/v2\/types\/page"}],"author":[{"embeddable":true,"href":"https:\/\/jorlar.com\/de_at\/wp-json\/wp\/v2\/users\/1"}],"replies":[{"embeddable":true,"href":"https:\/\/jorlar.com\/de_at\/wp-json\/wp\/v2\/comments?post=2"}],"version-history":[{"count":6,"href":"https:\/\/jorlar.com\/de_at\/wp-json\/wp\/v2\/pages\/2\/revisions"}],"predecessor-version":[{"id":1001315,"href":"https:\/\/jorlar.com\/de_at\/wp-json\/wp\/v2\/pages\/2\/revisions\/1001315"}],"wp:attachment":[{"href":"https:\/\/jorlar.com\/de_at\/wp-json\/wp\/v2\/media?parent=2"}],"curies":[{"name":"wp","href":"https:\/\/api.w.org\/{rel}","templated":true}]}}