{"id":1685,"date":"2025-03-18T04:20:26","date_gmt":"2025-03-18T04:20:26","guid":{"rendered":"http:\/\/localhost\/glozin\/cart\/"},"modified":"2025-12-08T12:31:09","modified_gmt":"2025-12-08T12:31:09","slug":"shopping-cart","status":"publish","type":"page","link":"https:\/\/jorlar.com\/sk\/shopping-cart\/","title":{"rendered":"N\u00e1kupn\u00fd ko\u0161\u00edk"},"content":{"rendered":"","protected":false},"excerpt":{"rendered":"","protected":false},"author":1,"featured_media":0,"parent":0,"menu_order":0,"comment_status":"closed","ping_status":"closed","template":"","meta":{"_monsterinsights_skip_tracking":false,"_monsterinsights_sitenote_active":false,"_monsterinsights_sitenote_note":"","_monsterinsights_sitenote_category":0,"footnotes":""},"class_list":["post-1685","page","type-page","status-publish","hentry"],"aioseo_notices":[],"_hostinger_reach_plugin_has_subscription_block":false,"_hostinger_reach_plugin_is_elementor":false,"_links":{"self":[{"href":"https:\/\/jorlar.com\/sk\/wp-json\/wp\/v2\/pages\/1685","targetHints":{"allow":["GET"]}}],"collection":[{"href":"https:\/\/jorlar.com\/sk\/wp-json\/wp\/v2\/pages"}],"about":[{"href":"https:\/\/jorlar.com\/sk\/wp-json\/wp\/v2\/types\/page"}],"author":[{"embeddable":true,"href":"https:\/\/jorlar.com\/sk\/wp-json\/wp\/v2\/users\/1"}],"replies":[{"embeddable":true,"href":"https:\/\/jorlar.com\/sk\/wp-json\/wp\/v2\/comments?post=1685"}],"version-history":[{"count":1,"href":"https:\/\/jorlar.com\/sk\/wp-json\/wp\/v2\/pages\/1685\/revisions"}],"predecessor-version":[{"id":1000235,"href":"https:\/\/jorlar.com\/sk\/wp-json\/wp\/v2\/pages\/1685\/revisions\/1000235"}],"wp:attachment":[{"href":"https:\/\/jorlar.com\/sk\/wp-json\/wp\/v2\/media?parent=1685"}],"curies":[{"name":"wp","href":"https:\/\/api.w.org\/{rel}","templated":true}]}}