{"id":2,"date":"2025-04-17T11:06:36","date_gmt":"2025-04-17T11:06:36","guid":{"rendered":"https:\/\/wpglozin.com\/echozone\/?page_id=2"},"modified":"2025-12-08T10:09:55","modified_gmt":"2025-12-08T10:09:55","slug":"privacy-policy-2","status":"publish","type":"page","link":"https:\/\/jorlar.com\/sk\/privacy-policy-2\/","title":{"rendered":"Z\u00e1sady ochrany osobn\u00fdch \u00fadajov"},"content":{"rendered":"<div data-elementor-type=\"wp-page\" data-elementor-id=\"2\" class=\"elementor elementor-2\" data-elementor-post-type=\"page\">\n\t\t\t\t<div class=\"elementor-element elementor-element-4f02d13 e-con-full e-flex glozin-responsive-column glozin-tablet-column--default glozin-responsive-column glozin-mobile-column--default e-con e-parent\" data-id=\"4f02d13\" data-element_type=\"container\" data-e-type=\"container\">\n\t\t\t\t<div class=\"elementor-element elementor-element-f1889f4 elementor-widget elementor-widget-html\" data-id=\"f1889f4\" data-element_type=\"widget\" data-e-type=\"widget\" data-widget_type=\"html.default\">\n\t\t\t\t\t<style>\r\n.jorlar-legal {\r\n  \r\n  margin: 0 auto;\r\n  font-family: Arial, sans-serif;\r\n  color: #1e1e1e;\r\n  line-height: 1.65;\r\n}\r\n\r\n.jorlar-legal h2 {\r\n  font-size: 28px;\r\n  margin-bottom: 20px;\r\n  text-transform: uppercase;\r\n  border-bottom: 3px solid #005F00;\r\n  padding-bottom: 8px;\r\n}\r\n\r\n.jorlar-legal h3 {\r\n  font-size: 20px;\r\n  margin-top: 30px;\r\n  margin-bottom: 10px;\r\n  color: #005F00;\r\n}\r\n\r\n.jorlar-legal p {\r\n  margin: 6px 0;\r\n}\r\n\r\n.jorlar-legal .box {\r\n  background: #f7f7f7;\r\n  padding: 18px 20px;\r\n  border-radius: 12px;\r\n  margin-bottom: 20px;\r\n}\r\n\r\n.jorlar-legal a {\r\n  color: #005F00;\r\n  text-decoration: none;\r\n  font-weight: 600;\r\n}\r\n\r\n.jorlar-legal a:hover {\r\n  text-decoration: underline;\r\n}\r\n\r\n.jorlar-legal .small {\r\n  font-size: 14px;\r\n  color: #666;\r\n}\r\n<\/style>\r\n\r\n<div class=\"jorlar-legal\">\r\n\r\n  <h2>Tir\u00e1\u017e (Impressum)<\/h2>\r\n\r\n  <div class=\"box\">\r\n    <p><strong>Spolo\u010dnos\u0165:<\/strong> JORLAR s.r.o.<\/p>\r\n    <p><strong>Registrovan\u00e1 adresa:<\/strong><br>\r\n      K \u010cerven\u00e9mu vrchu 844\/2a<br>\r\n      CZ-160 00 Praha 6<br>\r\n      \u010cesk\u00e1 republika\r\n    <\/p>\r\n  <\/div>\r\n\r\n  <h3>Kontakt<\/h3>\r\n  <div class=\"box\">\r\n    <p><strong>E-mail:<\/strong> <a href=\"mailto:info@jorlar.com\">info@jorlar.com<\/a><\/p>\r\n    <p><strong>Telef\u00f3n (Nemecko):<\/strong> <a href=\"tel:+4915750761314\">+49 157 5076 1314<\/a><\/p>\r\n    <p><strong>Telef\u00f3n (CZ \u2013 pevn\u00e1 linka):<\/strong> <a href=\"tel:+420226886571\">+420 226 886 571<\/a><\/p>\r\n    <p><strong>Telef\u00f3n (CZ \u2013 mobil):<\/strong> <a href=\"tel:+420734260766\">+420 734 260 766<\/a><\/p>\r\n  <\/div>\r\n\r\n  <h3>Zast\u00fapen\u00fd (gener\u00e1lny riadite\u013e)<\/h3>\r\n  <div class=\"box\">\r\n    <p>J\u00f6rg Harmening<\/p>\r\n  <\/div>\r\n\r\n  <h3>Obchodn\u00fd register<\/h3>\r\n  <div class=\"box\">\r\n    <p><strong>S\u00fad \/ Org\u00e1n:<\/strong> ktor\u00e9 maj\u00fa by\u0165 poskytnut\u00e9<\/p>\r\n    <p><strong>Registra\u010dn\u00e9 \u010d\u00edslo:<\/strong> ktor\u00e9 maj\u00fa by\u0165 poskytnut\u00e9<\/p>\r\n  <\/div>\r\n\r\n  <h3>I\u010c DPH<\/h3>\r\n  <div class=\"box\">\r\n    <p>22033181<\/p>\r\n  <\/div>\r\n\r\n  <h3>Zodpovedn\u00fd za redak\u010dn\u00fd obsah (\u00a7 18 ods. 2 MStV, Nemecko)<\/h3>\r\n  <div class=\"box\">\r\n    <p>J\u00f6rg Harmening, na vy\u0161\u0161ie uvedenej adrese<\/p>\r\n  <\/div>\r\n\r\n  <h3>Bankov\u00e9 \u00fadaje<\/h3>\r\n  <div class=\"box\">\r\n    <p>Bankov\u00e9 \u00fadaje bud\u00fa v pr\u00edpade potreby uveden\u00e9 na fakt\u00farach.<\/p>\r\n  <\/div>\r\n\r\n  <h3>V\u0161eobecn\u00e9 obchodn\u00e9 podmienky (VOP)<\/h3>\r\n  <div class=\"box\">\r\n    <p>\r\n      Na\u0161e V\u0161eobecn\u00e9 obchodn\u00e9 podmienky s\u00fa k dispoz\u00edcii na stiahnutie v nem\u010dine, angli\u010dtine, d\u00e1n\u010dine, sloven\u010dine, franc\u00faz\u0161tine, talian\u010dine a \u010de\u0161tine v sekcii Na stiahnutie na tejto webovej str\u00e1nke.\r\n    <\/p>\r\n  <\/div>\r\n\r\n  <h3>Z\u00e1sady ochrany osobn\u00fdch \u00fadajov<\/h3>\r\n  <div class=\"box\">\r\n    <p>\r\n      Inform\u00e1cie o spracovan\u00ed \u00fadajov, s\u00faboroch cookie a va\u0161ich pr\u00e1vach n\u00e1jdete v na\u0161ich Z\u00e1sad\u00e1ch ochrany osobn\u00fdch \u00fadajov.\r\n    <\/p>\r\n  <\/div>\r\n\r\n  <h3>Rie\u0161enie sporov online<\/h3>\r\n  <div class=\"box\">\r\n    <p>\r\n      Eur\u00f3pska komisia poskytuje platformu pre online rie\u0161enie sporov (ODR):<br>\r\n      <a href=\"https:\/\/ec.europa.eu\/consumers\/odr\/\" target=\"_blank\">https:\/\/ec.europa.eu\/consumers\/odr\/<\/a>\r\n    <\/p>\r\n    <p>\r\n      Nie sme ani povinn\u00ed, ani ochotn\u00ed z\u00fa\u010dast\u0148ova\u0165 sa na konan\u00ed o rie\u0161en\u00ed sporov pred spotrebite\u013eskou arbitr\u00e1\u017enou komisiou.\r\n    <\/p>\r\n  <\/div>\r\n\r\n  <h3>Zodpovednos\u0165 za obsah<\/h3>\r\n  <div class=\"box\">\r\n    <p>\r\n      Obsah t\u00fdchto str\u00e1nok pripravujeme s ve\u013ekou starostlivos\u0165ou. Napriek tomu nem\u00f4\u017eeme prevzia\u0165 zodpovednos\u0165 za spr\u00e1vnos\u0165, \u00faplnos\u0165 alebo aktu\u00e1lnos\u0165 obsahu.\r\n    <\/p>\r\n  <\/div>\r\n\r\n  <h3>Zodpovednos\u0165 za odkazy<\/h3>\r\n  <div class=\"box\">\r\n    <p>\r\n      Na\u0161a str\u00e1nka obsahuje odkazy na extern\u00e9 webov\u00e9 str\u00e1nky. Nem\u00e1me \u017eiadny vplyv na obsah t\u00fdchto webov\u00fdch str\u00e1nok, a preto nem\u00f4\u017eeme prevzia\u0165 zodpovednos\u0165 za tak\u00fdto extern\u00fd obsah.\r\n    <\/p>\r\n  <\/div>\r\n\r\n  <h3>Autorsk\u00e9 pr\u00e1va<\/h3>\r\n  <div class=\"box\">\r\n    <p>\r\n      V\u0161etok obsah a diela vytvoren\u00e9 spolo\u010dnos\u0165ou JORLAR na t\u00fdchto str\u00e1nkach podliehaj\u00fa autorsk\u00fdm pr\u00e1vam. Kop\u00edrovanie, spracovanie, distrib\u00facia alebo ak\u00e1ko\u013evek forma komercializ\u00e1cie vy\u017eaduje predch\u00e1dzaj\u00faci p\u00edsomn\u00fd s\u00fahlas.\r\n    <\/p>\r\n  <\/div>\r\n\r\n  <h3>Zdroje fotografi\u00ed a vide\u00ed<\/h3>\r\n  <div class=\"box\">\r\n    <p>\r\n      Ak nie je uveden\u00e9 inak, fotografie a vide\u00e1 s\u00fa majetkom spolo\u010dnosti JORLAR alebo s\u00fa pou\u017eit\u00e9 s jej povolen\u00edm.\r\n    <\/p>\r\n  <\/div>\r\n\r\n  <p class=\"small\"><strong>Naposledy aktualizovan\u00e9:<\/strong> 08.12.2025<\/p>\r\n\r\n<\/div>\r\n\t\t\t\t<\/div>\n\t\t\t\t<\/div>\n\t\t\t\t<\/div>","protected":false},"excerpt":{"rendered":"<p>Imprint (Impressum) Company: JORLAR s.r.o. Registered Address: K \u010cerven\u00e9mu vrchu 844\/2a CZ-160 00 Prague 6 Czech Republic Contact Email: info@jorlar.com Phone (Germany): +49 157 5076 1314 Phone (CZ \u2013 fixed line): +420 226 886 571 Phone (CZ \u2013 mobile): +420 734 260 766 Represented by (Managing Director) J\u00f6rg Harmening Commercial Register Court \/ Authority: to [&hellip;]<\/p>\n","protected":false},"author":1,"featured_media":0,"parent":0,"menu_order":0,"comment_status":"closed","ping_status":"open","template":"","meta":{"_monsterinsights_skip_tracking":false,"_monsterinsights_sitenote_active":false,"_monsterinsights_sitenote_note":"","_monsterinsights_sitenote_category":0,"footnotes":""},"class_list":["post-2","page","type-page","status-publish","hentry"],"aioseo_notices":[],"_hostinger_reach_plugin_has_subscription_block":false,"_hostinger_reach_plugin_is_elementor":false,"_links":{"self":[{"href":"https:\/\/jorlar.com\/sk\/wp-json\/wp\/v2\/pages\/2","targetHints":{"allow":["GET"]}}],"collection":[{"href":"https:\/\/jorlar.com\/sk\/wp-json\/wp\/v2\/pages"}],"about":[{"href":"https:\/\/jorlar.com\/sk\/wp-json\/wp\/v2\/types\/page"}],"author":[{"embeddable":true,"href":"https:\/\/jorlar.com\/sk\/wp-json\/wp\/v2\/users\/1"}],"replies":[{"embeddable":true,"href":"https:\/\/jorlar.com\/sk\/wp-json\/wp\/v2\/comments?post=2"}],"version-history":[{"count":6,"href":"https:\/\/jorlar.com\/sk\/wp-json\/wp\/v2\/pages\/2\/revisions"}],"predecessor-version":[{"id":1001315,"href":"https:\/\/jorlar.com\/sk\/wp-json\/wp\/v2\/pages\/2\/revisions\/1001315"}],"wp:attachment":[{"href":"https:\/\/jorlar.com\/sk\/wp-json\/wp\/v2\/media?parent=2"}],"curies":[{"name":"wp","href":"https:\/\/api.w.org\/{rel}","templated":true}]}}