{"id":415,"date":"2025-03-20T04:27:57","date_gmt":"2025-03-20T04:27:57","guid":{"rendered":"http:\/\/localhost\/glozin\/?page_id=415"},"modified":"2025-11-09T11:33:43","modified_gmt":"2025-11-09T11:33:43","slug":"about-us","status":"publish","type":"page","link":"https:\/\/jorlar.com\/sk\/about-us\/","title":{"rendered":"O n\u00e1s"},"content":{"rendered":"<div data-elementor-type=\"wp-page\" data-elementor-id=\"415\" class=\"elementor elementor-415\" data-elementor-post-type=\"page\">\n\t\t\t\t<div class=\"elementor-element elementor-element-6fa65faf e-flex e-con-boxed glozin-responsive-column glozin-tablet-column--default glozin-responsive-column glozin-mobile-column--default e-con e-parent\" data-id=\"6fa65faf\" data-element_type=\"container\" data-e-type=\"container\">\n\t\t\t\t\t<div class=\"e-con-inner\">\n\t\t\t\t<div class=\"elementor-element elementor-element-7a490b56 elementor-widget elementor-widget-glozin-heading\" data-id=\"7a490b56\" data-element_type=\"widget\" data-e-type=\"widget\" data-widget_type=\"glozin-heading.default\">\n\t\t\t\t<div class=\"elementor-widget-container\">\n\t\t\t\t\t\t\t<div class=\"glozin-heading-elementor\">\n\t\t\t\t<h6 class=\"glozin-heading d-flex align-items-center my-0 glozin-heading--default\">\n\t\t\t\t\tVitajte v spolo\u010dnosti JORLAR s.r.o.\n\n\t\t\t\t<\/h6>\n\t\t\t<\/div>\n\t\t\t\t\t\t<\/div>\n\t\t\t\t<\/div>\n\t\t\t\t<div class=\"elementor-element elementor-element-3622e4d2 elementor-widget elementor-widget-glozin-heading\" data-id=\"3622e4d2\" data-element_type=\"widget\" data-e-type=\"widget\" data-widget_type=\"glozin-heading.default\">\n\t\t\t\t<div class=\"elementor-widget-container\">\n\t\t\t\t\t\t\t<div class=\"glozin-heading-elementor\">\n\t\t\t\t<h2 class=\"glozin-heading d-flex align-items-center my-0 glozin-heading--default\">\n\t\t\t\t\tV\u00e1\u017een\u00e9 d\u00e1my a p\u00e1ni\n\t\t\t\t<\/h2>\n\t\t\t<\/div>\n\t\t\t\t\t\t<\/div>\n\t\t\t\t<\/div>\n\t\t\t\t\t<\/div>\n\t\t\t\t<\/div>\n\t\t<div class=\"elementor-element elementor-element-61ace5de e-flex e-con-boxed glozin-responsive-column glozin-tablet-column--default glozin-responsive-column glozin-mobile-column--default e-con e-parent\" data-id=\"61ace5de\" data-element_type=\"container\" data-e-type=\"container\">\n\t\t\t\t\t<div class=\"e-con-inner\">\n\t\t\t\t<div class=\"elementor-element elementor-element-49f698e4 elementor-widget elementor-widget-image\" data-id=\"49f698e4\" data-element_type=\"widget\" data-e-type=\"widget\" data-widget_type=\"image.default\">\n\t\t\t\t\t\t\t\t\t\t\t\t\t\t\t<img fetchpriority=\"high\" decoding=\"async\" width=\"1280\" height=\"720\" src=\"https:\/\/jorlar.com\/wp-content\/uploads\/2025\/10\/68391c7deaf3ce0da601018f_Website-video-poster-mini.webp\" class=\"attachment-full size-full wp-image-1000320\" alt=\"\" srcset=\"https:\/\/jorlar.com\/wp-content\/uploads\/2025\/10\/68391c7deaf3ce0da601018f_Website-video-poster-mini.webp 1280w, https:\/\/jorlar.com\/wp-content\/uploads\/2025\/10\/68391c7deaf3ce0da601018f_Website-video-poster-mini-300x169.webp 300w, https:\/\/jorlar.com\/wp-content\/uploads\/2025\/10\/68391c7deaf3ce0da601018f_Website-video-poster-mini-1024x576.webp 1024w, https:\/\/jorlar.com\/wp-content\/uploads\/2025\/10\/68391c7deaf3ce0da601018f_Website-video-poster-mini-768x432.webp 768w, https:\/\/jorlar.com\/wp-content\/uploads\/2025\/10\/68391c7deaf3ce0da601018f_Website-video-poster-mini-600x338.webp 600w, https:\/\/jorlar.com\/wp-content\/uploads\/2025\/10\/68391c7deaf3ce0da601018f_Website-video-poster-mini-130x73.webp 130w\" sizes=\"(max-width: 1280px) 100vw, 1280px\" \/>\t\t\t\t\t\t\t\t\t\t\t\t\t\t\t<\/div>\n\t\t\t\t<div class=\"elementor-element elementor-element-308d52b elementor-widget elementor-widget-glozin-heading\" data-id=\"308d52b\" data-element_type=\"widget\" data-e-type=\"widget\" data-widget_type=\"glozin-heading.default\">\n\t\t\t\t<div class=\"elementor-widget-container\">\n\t\t\t\t\t\t\t<div class=\"glozin-heading-elementor\">\n\t\t\t\t<div class=\"glozin-heading d-flex align-items-center my-0 glozin-heading--default\">\n\t\t\t\t\tDoteraz ste mo\u017eno poznali spolo\u010dnos\u0165 TACEMA iba ako distrib\u00fatora a obchodn\u00e9ho partnera spolo\u010dnosti INELO, ale TACEMA je ove\u013ea viac. Pova\u017eujeme sa za poskytovate\u013ea kompletn\u00e9ho sortimentu slu\u017eieb, pon\u00fakame individu\u00e1lne rie\u0161enia pre internet, online obchody, IT \u0161kolenia v\u0161etk\u00e9ho druhu so zameran\u00edm na produkty Microsoft, Apple a samozrejme INELO, ako aj mnoho \u010fal\u0161\u00edch IT produktov a rie\u0161en\u00ed.\n\t\t\t\t<\/div>\n\t\t\t<\/div>\n\t\t\t\t\t\t<\/div>\n\t\t\t\t<\/div>\n\t\t\t\t<div class=\"elementor-element elementor-element-f72037b elementor-widget elementor-widget-glozin-heading\" data-id=\"f72037b\" data-element_type=\"widget\" data-e-type=\"widget\" data-widget_type=\"glozin-heading.default\">\n\t\t\t\t<div class=\"elementor-widget-container\">\n\t\t\t\t\t\t\t<div class=\"glozin-heading-elementor\">\n\t\t\t\t<div class=\"glozin-heading d-flex align-items-center my-0 glozin-heading--default\">\n\t\t\t\t\tPreto sa spolo\u010dnos\u0165 TACEMA rozhodla oddeli\u0165 svoju \u010dinnos\u0165 od spolo\u010dnosti INELO a vy m\u00f4\u017eete priv\u00edta\u0165 na\u0161u nov\u00fa pobo\u010dku! JORLAR je \u0161peci\u00e1lna nov\u00e1 pobo\u010dka spolo\u010dnosti TACEMA, ktor\u00e1 bude pracova\u0165 v\u00fdhradne s produktmi spolo\u010dnosti INELO, ako s\u00fa Tachoscan a Tachoscan Control. Sme plne oddan\u00ed na\u0161im z\u00e1kazn\u00edkom a chceme im poskytn\u00fa\u0165 \u010do najviac n\u00e1\u0161ho \u010dasu. Pon\u00fakame tie\u017e vzdialen\u00fa podporu pre \u0161tandardn\u00e9 aplik\u00e1cie a \u0161peci\u00e1lne ponuky pre \u0161peci\u00e1lnych klientov. \n\t\t\t\t<\/div>\n\t\t\t<\/div>\n\t\t\t\t\t\t<\/div>\n\t\t\t\t<\/div>\n\t\t\t\t<div class=\"elementor-element elementor-element-8585a84 elementor-widget elementor-widget-glozin-heading\" data-id=\"8585a84\" data-element_type=\"widget\" data-e-type=\"widget\" data-widget_type=\"glozin-heading.default\">\n\t\t\t\t<div class=\"elementor-widget-container\">\n\t\t\t\t\t\t\t<div class=\"glozin-heading-elementor\">\n\t\t\t\t<div class=\"glozin-heading d-flex align-items-center my-0 glozin-heading--default\">\n\t\t\t\t\tKe\u010f\u017ee spolo\u010dnos\u0165 JORLAR s\u00eddli v \u010ceskej republike, ale m\u00e1 nemeck\u00e9 korene, prinesie v\u00e1m to ve\u013ek\u00fa v\u00fdhodu. Z\u00edskate vysokokvalitn\u00e9 slu\u017eby od medzin\u00e1rodnej spolo\u010dnosti bez ak\u00fdchko\u013evek jazykov\u00fdch bari\u00e9r! N\u00e1\u0161 t\u00edm hovor\u00ed viacer\u00fdmi jazykmi, ale nemeck\u00fd jazyk je na\u0161ou znalos\u0165ou. JORLAR sa te\u0161\u00ed na \u010fal\u0161iu spolupr\u00e1cu! S pozdravom, t\u00edm JORLAR\n\n\t\t\t\t<\/div>\n\t\t\t<\/div>\n\t\t\t\t\t\t<\/div>\n\t\t\t\t<\/div>\n\t\t\t\t\t<\/div>\n\t\t\t\t<\/div>\n\t\t<div class=\"elementor-element elementor-element-45d89174 e-flex e-con-boxed glozin-responsive-column glozin-tablet-column--default glozin-responsive-column glozin-mobile-column--default e-con e-parent\" data-id=\"45d89174\" data-element_type=\"container\" data-e-type=\"container\">\n\t\t\t\t\t<div class=\"e-con-inner\">\n\t\t\t\t<div class=\"elementor-element elementor-element-b10e564 elementor-widget-divider--view-line elementor-widget elementor-widget-divider\" data-id=\"b10e564\" data-element_type=\"widget\" data-e-type=\"widget\" data-widget_type=\"divider.default\">\n\t\t\t\t\t\t\t<div class=\"elementor-divider\">\n\t\t\t<span class=\"elementor-divider-separator\">\n\t\t\t\t\t\t<\/span>\n\t\t<\/div>\n\t\t\t\t\t\t<\/div>\n\t\t\t\t\t<\/div>\n\t\t\t\t<\/div>\n\t\t\t\t<\/div>","protected":false},"excerpt":{"rendered":"<p>Welcome to JORLAR s.r.o. Dear ladies and gentlemen Until now, you may had known TACEMA only as a distributor and sales partner of INELO, but TACEMA is much more than that. We consider ourselves as provider of a full range of services, offering individual solutions for the internet, online shops, IT training of all kinds [&hellip;]<\/p>\n","protected":false},"author":1,"featured_media":0,"parent":0,"menu_order":0,"comment_status":"closed","ping_status":"closed","template":"","meta":{"_monsterinsights_skip_tracking":false,"_monsterinsights_sitenote_active":false,"_monsterinsights_sitenote_note":"","_monsterinsights_sitenote_category":0,"footnotes":""},"class_list":["post-415","page","type-page","status-publish","hentry"],"aioseo_notices":[],"_hostinger_reach_plugin_has_subscription_block":false,"_hostinger_reach_plugin_is_elementor":false,"_links":{"self":[{"href":"https:\/\/jorlar.com\/sk\/wp-json\/wp\/v2\/pages\/415","targetHints":{"allow":["GET"]}}],"collection":[{"href":"https:\/\/jorlar.com\/sk\/wp-json\/wp\/v2\/pages"}],"about":[{"href":"https:\/\/jorlar.com\/sk\/wp-json\/wp\/v2\/types\/page"}],"author":[{"embeddable":true,"href":"https:\/\/jorlar.com\/sk\/wp-json\/wp\/v2\/users\/1"}],"replies":[{"embeddable":true,"href":"https:\/\/jorlar.com\/sk\/wp-json\/wp\/v2\/comments?post=415"}],"version-history":[{"count":7,"href":"https:\/\/jorlar.com\/sk\/wp-json\/wp\/v2\/pages\/415\/revisions"}],"predecessor-version":[{"id":1000796,"href":"https:\/\/jorlar.com\/sk\/wp-json\/wp\/v2\/pages\/415\/revisions\/1000796"}],"wp:attachment":[{"href":"https:\/\/jorlar.com\/sk\/wp-json\/wp\/v2\/media?parent=415"}],"curies":[{"name":"wp","href":"https:\/\/api.w.org\/{rel}","templated":true}]}}