{"id":1000191,"date":"2025-10-27T08:07:15","date_gmt":"2025-10-27T08:07:15","guid":{"rendered":"https:\/\/jorlar.com\/?post_type=product&#038;p=1000191"},"modified":"2026-03-30T08:14:41","modified_gmt":"2026-03-30T08:14:41","slug":"tachoreader-combo-plus","status":"publish","type":"product","link":"https:\/\/jorlar.com\/sk\/shop\/devices-for-downloading-data\/tachoreader-combo-plus\/","title":{"rendered":"TachoReader Combo Plus"},"content":{"rendered":"<p><strong>Komplexn\u00e1 podpora pre najnov\u0161ie karty G2v2 a inteligentn\u00e9 tachografy verzie 2.<\/strong><\/p>\n<p><strong>Tachograf TachoReader Combo zabezpe\u010duje pln\u00fd s\u00falad s predpismi a po\u017eiadavkami Eur\u00f3pskej komisie, zabezpe\u010duje komplexn\u00fa podporu pre najnov\u0161ie karty a tachografy a z\u00e1rove\u0148 vylep\u0161uje funkcie a prev\u00e1dzkov\u00fa stabilitu zariadenia.<\/strong><\/p>\n<p><strong>Zariadenie bude schopn\u00e9 \u010d\u00edta\u0165:<\/strong><\/p>\n<ul>\n<li><strong>nov\u00e9 karty G2v2 s roz\u0161\u00edrenou pam\u00e4\u0165ou d\u00e1t \u2013 a\u017e 56 dn\u00ed (prostredn\u00edctvom tachografu);<\/strong><\/li>\n<li><strong>\u010das\u0165 nov\u00fdch kariet G2v2 t\u00fdkaj\u00faca sa z\u00e1znamov o nakladan\u00ed a vykladan\u00ed, ako aj automatick\u00e9ho prekra\u010dovania hran\u00edc (prostredn\u00edctvom tachografu);<\/strong><\/li>\n<li><strong>inteligentn\u00e9 tachografy verzie 2.<\/strong><\/li>\n<\/ul>\n<p><strong>D\u00d4LE\u017dIT\u00c9! TachoReader Combo funguje v s\u00falade s dodatkom IB a IC uveden\u00fdm v nariaden\u00ed EUR\u00d3PSKEHO PARLAMENTU A RADY (E\u00da) \u010d. 165\/2014.<\/strong><\/p>\n<p><strong>TachoReader Basic tie\u017e umo\u017e\u0148uje s\u0165ahovanie \u0161peci\u00e1lnych s\u00faborov \u2013 tzv. \u201cS\u201d s\u00faborov, ktor\u00e9 poskytuj\u00fa viac pr\u00edle\u017eitost\u00ed na kontrolu manipul\u00e1cie.<\/strong><\/p>\n<p><strong>Popis zariadenia:<\/strong><\/p>\n<ul>\n<li>V\u00fdber jedn\u00e9ho z troch predkonfigurovan\u00fdch re\u017eimov s\u0165ahovania \u00fadajov pre tachograf a vlo\u017een\u00fa kartu vodi\u010da<\/li>\n<li>Vstavan\u00e1 \u010d\u00edta\u010dka, ktor\u00e1 dok\u00e1\u017ee pre\u010d\u00edta\u0165 kartu vodi\u010da u\u017e za p\u00e1r sek\u00fand<\/li>\n<li>D\u00e1ta stiahnut\u00e9 najvy\u0161\u0161ou dostupnou r\u00fdchlos\u0165ou v tachografe<\/li>\n<li>Vn\u00fatorn\u00e1 pam\u00e4\u0165 pojme a\u017e 160 000 \u00fadajov z karty vodi\u010da alebo a\u017e 20 000 \u00fadajov z digit\u00e1lneho tachografu.<\/li>\n<li>Nap\u00e1jan\u00e9 bat\u00e9riami AA (s\u00fa\u010das\u0165ou balenia) alebo nab\u00edjate\u013en\u00fdmi bat\u00e9riami<\/li>\n<li>Nap\u00e1jan\u00e9 z tachografu alebo USB portu<\/li>\n<li>USB konektor umo\u017e\u0148uje jednoduch\u00fa konfigur\u00e1ciu zariadenia a r\u00fdchle kop\u00edrovanie \u00fadajov z kariet vodi\u010da a tachografu do po\u010d\u00edta\u010da.<\/li>\n<li>Prev\u00e1dzka zariadenia je signalizovan\u00e1 LED di\u00f3dou a zvukom<\/li>\n<li>Kontrola priebehu s\u0165ahovania \u00fadajov<\/li>\n<li>Ergonomick\u00fd kryt odoln\u00fd vo\u010di po\u0161kodeniu<\/li>\n<li>Kompatibiln\u00e9 s inteligentn\u00fdmi tachografmi<\/li>\n<\/ul>\n<p>K zariadeniu odpor\u00fa\u010dame pou\u017ei\u0165 najlep\u0161\u00ed softv\u00e9r na trhu na anal\u00fdzu pracovn\u00e9ho \u010dasu vodi\u010dov \u2013 softv\u00e9r TachoScan\u00ae.<\/p>\n<p><strong>Sada obsahuje:<\/strong><\/p>\n<ul>\n<li>Zariadenie TachoReader Combo Plus<\/li>\n<li>2 bat\u00e9rie typu AA 1,5 V<\/li>\n<li>USB \u2013 Mini USB k\u00e1bel \u2013 na pripojenie k po\u010d\u00edta\u010du<\/li>\n<li>K\u00e1bel TRCombo \u2013 na pripojenie tachografu<\/li>\n<li>silik\u00f3nov\u00fd kryt chr\u00e1niaci puzdro zariadenia<\/li>\n<\/ul>\n<p><span class=\"niewidokk\"><strong>\u00a0<\/strong><\/span><\/p>","protected":false},"excerpt":{"rendered":"<p>Zariadenie na s\u0165ahovanie \u00fadajov z digit\u00e1lnych tachografov a kariet vodi\u010da (2 v 1). Umo\u017e\u0148uje splnenie z\u00e1konn\u00fdch po\u017eiadaviek t\u00fdkaj\u00facich sa s\u0165ahovania a archiv\u00e1cie \u00fadajov. Pou\u017e\u00edvan\u00e9 mnoh\u00fdmi dopravn\u00fdmi spolo\u010dnos\u0165ami a napr.\u00a0<span class=\"niewidokk\">Dopravn\u00e1 in\u0161pekcia, pohrani\u010dn\u00e1 str\u00e1\u017e, coln\u00e9 komory, BAG v Nemecku a \u010fal\u0161ie org\u00e1ny.\u00a0<strong>Umo\u017e\u0148uje tie\u017e \u010d\u00edtanie \u00fadajov z nov\u00fdch kariet a inteligentn\u00fdch tachografov!<\/strong><\/span><\/p>\n<p>&nbsp;<\/p>","protected":false},"featured_media":1000192,"comment_status":"open","ping_status":"closed","template":"","meta":{"_monsterinsights_skip_tracking":false,"_monsterinsights_sitenote_active":false,"_monsterinsights_sitenote_note":"","_monsterinsights_sitenote_category":0},"product_brand":[78],"product_cat":[79],"product_tag":[],"class_list":{"0":"post-1000191","1":"product","2":"type-product","3":"status-publish","4":"has-post-thumbnail","6":"product_brand-inelo","7":"product_cat-devices-for-downloading-data","9":"first","10":"instock","11":"sale","12":"featured","13":"shipping-taxable","14":"purchasable","15":"product-type-simple"},"aioseo_notices":[],"_links":{"self":[{"href":"https:\/\/jorlar.com\/sk\/wp-json\/wp\/v2\/product\/1000191","targetHints":{"allow":["GET"]}}],"collection":[{"href":"https:\/\/jorlar.com\/sk\/wp-json\/wp\/v2\/product"}],"about":[{"href":"https:\/\/jorlar.com\/sk\/wp-json\/wp\/v2\/types\/product"}],"replies":[{"embeddable":true,"href":"https:\/\/jorlar.com\/sk\/wp-json\/wp\/v2\/comments?post=1000191"}],"version-history":[{"count":2,"href":"https:\/\/jorlar.com\/sk\/wp-json\/wp\/v2\/product\/1000191\/revisions"}],"predecessor-version":[{"id":1003679,"href":"https:\/\/jorlar.com\/sk\/wp-json\/wp\/v2\/product\/1000191\/revisions\/1003679"}],"wp:featuredmedia":[{"embeddable":true,"href":"https:\/\/jorlar.com\/sk\/wp-json\/wp\/v2\/media\/1000192"}],"wp:attachment":[{"href":"https:\/\/jorlar.com\/sk\/wp-json\/wp\/v2\/media?parent=1000191"}],"wp:term":[{"taxonomy":"product_brand","embeddable":true,"href":"https:\/\/jorlar.com\/sk\/wp-json\/wp\/v2\/product_brand?post=1000191"},{"taxonomy":"product_cat","embeddable":true,"href":"https:\/\/jorlar.com\/sk\/wp-json\/wp\/v2\/product_cat?post=1000191"},{"taxonomy":"product_tag","embeddable":true,"href":"https:\/\/jorlar.com\/sk\/wp-json\/wp\/v2\/product_tag?post=1000191"}],"curies":[{"name":"wp","href":"https:\/\/api.w.org\/{rel}","templated":true}]}}