{"id":1000236,"date":"2025-10-28T05:34:10","date_gmt":"2025-10-28T05:34:10","guid":{"rendered":"https:\/\/jorlar.com\/?post_type=product&#038;p=1000236"},"modified":"2026-02-26T15:22:34","modified_gmt":"2026-02-26T15:22:34","slug":"tachoreader-basic","status":"publish","type":"product","link":"https:\/\/jorlar.com\/sk\/shop\/devices-for-downloading-data\/tachoreader-basic\/","title":{"rendered":"Z\u00e1kladn\u00fd tacho\u010d\u00edta\u010d"},"content":{"rendered":"<p><span style=\"color: #ff0000;\"><strong>Komplexn\u00e1 podpora pre najnov\u0161ie karty G2v2 a inteligentn\u00e9 tachografy verzie 2.<\/strong><\/span><\/p>\n<p><strong>TachoReader Basic tachograph ensures full compliance with the regulations and requirements of the European Commission, ensures comprehensive support for the latest cards and tachographs, as well as enhances the features and operational stability of the device.<\/strong><\/p>\n<p><strong>Zariadenie bude schopn\u00e9 \u010d\u00edta\u0165:<\/strong><\/p>\n<ul>\n<li><strong>nov\u00e9 karty G2v2 s roz\u0161\u00edrenou pam\u00e4\u0165ou d\u00e1t \u2013 a\u017e 56 dn\u00ed (prostredn\u00edctvom tachografu);<\/strong><\/li>\n<li><strong>\u010das\u0165 nov\u00fdch kariet G2v2 t\u00fdkaj\u00faca sa z\u00e1znamov o nakladan\u00ed a vykladan\u00ed, ako aj automatick\u00e9ho prekra\u010dovania hran\u00edc (prostredn\u00edctvom tachografu);<\/strong><\/li>\n<li><strong>inteligentn\u00e9 tachografy verzie 2.<\/strong><\/li>\n<\/ul>\n<p><strong>IMPORTANT! TachoReader Basic operates in accordance with Appendix IB and IC specified in the Regulation of the EUROPEAN PARLIAMENT AND OF THE COUNCIL (EU) NO.\u00a0165\/2014.<\/strong><\/p>\n<p><strong>TachoReader Basic tie\u017e umo\u017e\u0148uje s\u0165ahovanie \u0161peci\u00e1lnych s\u00faborov \u2013 tzv. \u201cS\u201d s\u00faborov, ktor\u00e9 poskytuj\u00fa viac pr\u00edle\u017eitost\u00ed na kontrolu manipul\u00e1cie.<\/strong><\/p>\n<p><strong>Popis zariadenia:<\/strong><\/p>\n<ul>\n<li>Selection of one of the three pre-configured modes of downloading data for tachograph and the driver card inserted in it<\/li>\n<li>D\u00e1ta stiahnut\u00e9 najvy\u0161\u0161ou dostupnou r\u00fdchlos\u0165ou v tachografe<\/li>\n<li>Downloading \u201cS\u201d files with detailed vehicle speed data for the last 168 hours of driving and a section at a speed of 4Hz<\/li>\n<li>Vn\u00fatorn\u00e1 pam\u00e4\u0165 pojme a\u017e 160 000 \u00fadajov z karty vodi\u010da alebo a\u017e 20 000 \u00fadajov z digit\u00e1lneho tachografu.<\/li>\n<li>Nap\u00e1jan\u00e9 z tachografu alebo USB portu<\/li>\n<li>USB konektor umo\u017e\u0148uje jednoduch\u00fa konfigur\u00e1ciu zariadenia a r\u00fdchle kop\u00edrovanie \u00fadajov z kariet vodi\u010da a tachografu do po\u010d\u00edta\u010da.<\/li>\n<li>Prev\u00e1dzka zariadenia je signalizovan\u00e1 LED di\u00f3dou a zvukom<\/li>\n<li>Ergonomick\u00fd kryt odoln\u00fd vo\u010di po\u0161kodeniu<\/li>\n<li>the device is compatible with all tachographs available on the market that are approved in the EU for the purposes of recording working time in accordance with EU Regulation 561\/2006 and the AETR agreement.\u00a0 This means that the device can read both first generation digital tachographs and the latest version\u00a02 smart tachographs,<\/li>\n<\/ul>\n<p>&nbsp;<\/p>","protected":false},"excerpt":{"rendered":"<p>A modern and intuitive device for fast data download from all tachographs available on the market and from driver cards placed in them in accordance with the regulations.\u00a0<strong>Umo\u017e\u0148uje tie\u017e \u010d\u00edtanie \u00fadajov z nov\u00fdch kariet a inteligentn\u00fdch tachografov!<\/strong><\/p>","protected":false},"featured_media":1000238,"comment_status":"open","ping_status":"closed","template":"","meta":{"_monsterinsights_skip_tracking":false,"_monsterinsights_sitenote_active":false,"_monsterinsights_sitenote_note":"","_monsterinsights_sitenote_category":0},"product_brand":[78],"product_cat":[79],"product_tag":[],"class_list":{"0":"post-1000236","1":"product","2":"type-product","3":"status-publish","4":"has-post-thumbnail","6":"product_brand-inelo","7":"product_cat-devices-for-downloading-data","9":"first","10":"instock","11":"featured","12":"shipping-taxable","13":"purchasable","14":"product-type-simple"},"aioseo_notices":[],"_links":{"self":[{"href":"https:\/\/jorlar.com\/sk\/wp-json\/wp\/v2\/product\/1000236","targetHints":{"allow":["GET"]}}],"collection":[{"href":"https:\/\/jorlar.com\/sk\/wp-json\/wp\/v2\/product"}],"about":[{"href":"https:\/\/jorlar.com\/sk\/wp-json\/wp\/v2\/types\/product"}],"replies":[{"embeddable":true,"href":"https:\/\/jorlar.com\/sk\/wp-json\/wp\/v2\/comments?post=1000236"}],"version-history":[{"count":1,"href":"https:\/\/jorlar.com\/sk\/wp-json\/wp\/v2\/product\/1000236\/revisions"}],"predecessor-version":[{"id":1003676,"href":"https:\/\/jorlar.com\/sk\/wp-json\/wp\/v2\/product\/1000236\/revisions\/1003676"}],"wp:featuredmedia":[{"embeddable":true,"href":"https:\/\/jorlar.com\/sk\/wp-json\/wp\/v2\/media\/1000238"}],"wp:attachment":[{"href":"https:\/\/jorlar.com\/sk\/wp-json\/wp\/v2\/media?parent=1000236"}],"wp:term":[{"taxonomy":"product_brand","embeddable":true,"href":"https:\/\/jorlar.com\/sk\/wp-json\/wp\/v2\/product_brand?post=1000236"},{"taxonomy":"product_cat","embeddable":true,"href":"https:\/\/jorlar.com\/sk\/wp-json\/wp\/v2\/product_cat?post=1000236"},{"taxonomy":"product_tag","embeddable":true,"href":"https:\/\/jorlar.com\/sk\/wp-json\/wp\/v2\/product_tag?post=1000236"}],"curies":[{"name":"wp","href":"https:\/\/api.w.org\/{rel}","templated":true}]}}