{"id":1000239,"date":"2025-10-28T05:36:50","date_gmt":"2025-10-28T05:36:50","guid":{"rendered":"https:\/\/jorlar.com\/?post_type=product&#038;p=1000239"},"modified":"2026-02-26T15:22:26","modified_gmt":"2026-02-26T15:22:26","slug":"tacho-usb","status":"publish","type":"product","link":"https:\/\/jorlar.com\/sk\/shop\/devices-for-downloading-data\/tacho-usb\/","title":{"rendered":"USB tachometra"},"content":{"rendered":"<p>Funk\u010dnos\u0165 zariadenia:<\/p>\n<ul>\n<li>Podporuje komunik\u00e1ciu medzi tachografom a aplik\u00e1ciou na \u010d\u00edtanie \u00fadajov z tachografu a karty vodi\u010da<\/li>\n<li>S\u0165ahuje pou\u017e\u00edvate\u013eom definovan\u00e9 syst\u00e9mov\u00e9 \u00fadaje priamo do v\u00e1\u0161ho notebooku<\/li>\n<li>Zaru\u010duje spr\u00e1vne a efekt\u00edvne s\u0165ahovanie \u00fadajov z tachografu<\/li>\n<li>Jednoduch\u00e1 a intuit\u00edvna obsluha<\/li>\n<li>D\u013a\u017eka k\u00e1bla a\u017e 185 cm<\/li>\n<\/ul>","protected":false},"excerpt":{"rendered":"<p>Zariadenie podporuj\u00face dia\u013ekov\u00e9 s\u0165ahovanie \u00fadajov z digit\u00e1lnych tachografov. Na prev\u00e1dzku zariadenia je potrebn\u00fd softv\u00e9r 4Trans.<\/p>","protected":false},"featured_media":1000240,"comment_status":"open","ping_status":"closed","template":"","meta":{"_monsterinsights_skip_tracking":false,"_monsterinsights_sitenote_active":false,"_monsterinsights_sitenote_note":"","_monsterinsights_sitenote_category":0},"product_brand":[78],"product_cat":[79],"product_tag":[],"class_list":{"0":"post-1000239","1":"product","2":"type-product","3":"status-publish","4":"has-post-thumbnail","6":"product_brand-inelo","7":"product_cat-devices-for-downloading-data","9":"first","10":"instock","11":"featured","12":"shipping-taxable","13":"purchasable","14":"product-type-simple"},"aioseo_notices":[],"_links":{"self":[{"href":"https:\/\/jorlar.com\/sk\/wp-json\/wp\/v2\/product\/1000239","targetHints":{"allow":["GET"]}}],"collection":[{"href":"https:\/\/jorlar.com\/sk\/wp-json\/wp\/v2\/product"}],"about":[{"href":"https:\/\/jorlar.com\/sk\/wp-json\/wp\/v2\/types\/product"}],"replies":[{"embeddable":true,"href":"https:\/\/jorlar.com\/sk\/wp-json\/wp\/v2\/comments?post=1000239"}],"version-history":[{"count":1,"href":"https:\/\/jorlar.com\/sk\/wp-json\/wp\/v2\/product\/1000239\/revisions"}],"predecessor-version":[{"id":1003675,"href":"https:\/\/jorlar.com\/sk\/wp-json\/wp\/v2\/product\/1000239\/revisions\/1003675"}],"wp:featuredmedia":[{"embeddable":true,"href":"https:\/\/jorlar.com\/sk\/wp-json\/wp\/v2\/media\/1000240"}],"wp:attachment":[{"href":"https:\/\/jorlar.com\/sk\/wp-json\/wp\/v2\/media?parent=1000239"}],"wp:term":[{"taxonomy":"product_brand","embeddable":true,"href":"https:\/\/jorlar.com\/sk\/wp-json\/wp\/v2\/product_brand?post=1000239"},{"taxonomy":"product_cat","embeddable":true,"href":"https:\/\/jorlar.com\/sk\/wp-json\/wp\/v2\/product_cat?post=1000239"},{"taxonomy":"product_tag","embeddable":true,"href":"https:\/\/jorlar.com\/sk\/wp-json\/wp\/v2\/product_tag?post=1000239"}],"curies":[{"name":"wp","href":"https:\/\/api.w.org\/{rel}","templated":true}]}}