{"id":1000914,"date":"2025-11-28T08:58:58","date_gmt":"2025-11-28T08:58:58","guid":{"rendered":"https:\/\/jorlar.com\/?post_type=product&#038;p=1000914"},"modified":"2026-03-06T14:36:14","modified_gmt":"2026-03-06T14:36:14","slug":"tachoscan-new-license-tachoscan-foreign-salary","status":"publish","type":"product","link":"https:\/\/jorlar.com\/sk\/shop\/software\/software-for-transport\/tachoscan-new-license-tachoscan-foreign-salary\/","title":{"rendered":"TachoScan \u2013 Nov\u00e1 licencia TachoScan\u00ae \u2013 Zahrani\u010dn\u00fd plat"},"content":{"rendered":"<p><b>Modul zahrani\u010dn\u00fdch platov \u2013 Popis<\/b><\/p>\n<p><span style=\"font-weight: 400;\">Ten\/T\u00e1\/To <\/span><b>Modul zahrani\u010dn\u00fdch platov<\/b><span style=\"font-weight: 400;\"> roz\u0161iruje TachoScan o mo\u017enos\u0165 automatick\u00e9ho v\u00fdpo\u010dtu <\/span><b>mzdy zahrani\u010dn\u00fdch vodi\u010dov<\/b><span style=\"font-weight: 400;\">.<\/span><span style=\"font-weight: 400;\"><br \/>\n<\/span><span style=\"font-weight: 400;\">Pom\u00e1ha dopravn\u00fdm spolo\u010dnostiam dodr\u017eiava\u0165 z\u00e1konn\u00e9 po\u017eiadavky v r\u00f4znych krajin\u00e1ch spr\u00e1vnym vyhodnocovan\u00edm \u010dasu jazdy, pr\u00e1ce a odpo\u010dinku a ich prepo\u010d\u00edtavan\u00edm na n\u00e1rodn\u00e9 pravidl\u00e1 odme\u0148ovania ka\u017edej krajiny.<\/span><\/p>\n<p><span style=\"font-weight: 400;\">V\u010faka tomu je ide\u00e1lny pre flotily p\u00f4sobiace v medzin\u00e1rodnom meradle, ktor\u00e9 potrebuj\u00fa <\/span><b>v\u00fdpo\u010det miezd v s\u00falade s pr\u00e1vnymi predpismi, automatizovan\u00fd a efekt\u00edvny<\/b><span style=\"font-weight: 400;\"> pre cezhrani\u010dn\u00e9 \u010dinnosti vodi\u010dov.<\/span><\/p>\n<p>&nbsp;<\/p>\n<p><b>D\u00f4le\u017eit\u00e1 pozn\u00e1mka<\/b><\/p>\n<p><span style=\"font-weight: 400;\">Ten\/T\u00e1\/To <\/span><b>Modul zahrani\u010dn\u00fdch platov nem\u00f4\u017ee fungova\u0165 samostatne.<\/b><span style=\"font-weight: 400;\"><br \/>\n<\/span><span style=\"font-weight: 400;\">Funguje to v\u00fdlu\u010dne <\/span><b>spolu so \u0161tandardn\u00fdm softv\u00e9rom TachoScan<\/b><span style=\"font-weight: 400;\">.<\/span><\/p>\n<ul>\n<li style=\"font-weight: 400;\" aria-level=\"1\"><span style=\"font-weight: 400;\">Ak u\u017e m\u00e1te platn\u00fa licenciu na softv\u00e9r TachoScan \u2192 <\/span><b>modul je mo\u017en\u00e9 prida\u0165<\/b><\/li>\n<li style=\"font-weight: 400;\" aria-level=\"1\"><span style=\"font-weight: 400;\">Ak nem\u00e1te licenciu TachoScan \u2192 <\/span><b>softv\u00e9r sa mus\u00ed tie\u017e zak\u00fapi\u0165<\/b><\/li>\n<\/ul>\n<p><span style=\"font-weight: 400;\">Bez hlavn\u00e9ho softv\u00e9ru je modul zahrani\u010dn\u00fdch platov <\/span><b>nefunk\u010dn\u00e9<\/b><span style=\"font-weight: 400;\">.<\/span><\/p>\n<p>&nbsp;<\/p>","protected":false},"excerpt":{"rendered":"<p>TachoScan \u2013 Nov\u00e1 licencia TachoScan\u00ae \u2013 Zahrani\u010dn\u00fd plat<\/p>","protected":false},"featured_media":1000892,"comment_status":"open","ping_status":"closed","template":"","meta":{"_monsterinsights_skip_tracking":false,"_monsterinsights_sitenote_active":false,"_monsterinsights_sitenote_note":"","_monsterinsights_sitenote_category":0},"product_brand":[78],"product_cat":[80],"product_tag":[],"class_list":{"0":"post-1000914","1":"product","2":"type-product","3":"status-publish","4":"has-post-thumbnail","6":"product_brand-inelo","7":"product_cat-software-for-transport","8":"product_shipping_class-1-2-day","10":"first","11":"instock","12":"shipping-taxable","13":"purchasable","14":"product-type-variable"},"aioseo_notices":[],"_links":{"self":[{"href":"https:\/\/jorlar.com\/sk\/wp-json\/wp\/v2\/product\/1000914","targetHints":{"allow":["GET"]}}],"collection":[{"href":"https:\/\/jorlar.com\/sk\/wp-json\/wp\/v2\/product"}],"about":[{"href":"https:\/\/jorlar.com\/sk\/wp-json\/wp\/v2\/types\/product"}],"replies":[{"embeddable":true,"href":"https:\/\/jorlar.com\/sk\/wp-json\/wp\/v2\/comments?post=1000914"}],"version-history":[{"count":1,"href":"https:\/\/jorlar.com\/sk\/wp-json\/wp\/v2\/product\/1000914\/revisions"}],"predecessor-version":[{"id":1003741,"href":"https:\/\/jorlar.com\/sk\/wp-json\/wp\/v2\/product\/1000914\/revisions\/1003741"}],"wp:featuredmedia":[{"embeddable":true,"href":"https:\/\/jorlar.com\/sk\/wp-json\/wp\/v2\/media\/1000892"}],"wp:attachment":[{"href":"https:\/\/jorlar.com\/sk\/wp-json\/wp\/v2\/media?parent=1000914"}],"wp:term":[{"taxonomy":"product_brand","embeddable":true,"href":"https:\/\/jorlar.com\/sk\/wp-json\/wp\/v2\/product_brand?post=1000914"},{"taxonomy":"product_cat","embeddable":true,"href":"https:\/\/jorlar.com\/sk\/wp-json\/wp\/v2\/product_cat?post=1000914"},{"taxonomy":"product_tag","embeddable":true,"href":"https:\/\/jorlar.com\/sk\/wp-json\/wp\/v2\/product_tag?post=1000914"}],"curies":[{"name":"wp","href":"https:\/\/api.w.org\/{rel}","templated":true}]}}